{"id":414,"date":"2022-12-20T11:54:04","date_gmt":"2022-12-20T11:54:04","guid":{"rendered":"https:\/\/balancetapepite.fr\/?page_id=414"},"modified":"2023-01-04T13:30:51","modified_gmt":"2023-01-04T13:30:51","slug":"aide-femmes-victimes-violences","status":"publish","type":"page","link":"https:\/\/balancetapepite.fr\/?page_id=414","title":{"rendered":"Trouver de l&rsquo;aide"},"content":{"rendered":"\n<figure class=\"wp-block-image alignfull size-full has-custom-border\"><img decoding=\"async\" loading=\"lazy\" width=\"3800\" height=\"1447\" src=\"https:\/\/balancetapepite.fr\/wp-content\/uploads\/2023\/01\/BENEVOLAT-5.jpg\" alt=\"\" class=\"wp-image-736\" style=\"border-bottom-left-radius:30px;border-bottom-right-radius:30px\"\/><\/figure>\n\n\n\n<div style=\"height:44px\" aria-hidden=\"true\" class=\"wp-block-spacer\"><\/div>\n\n\n\n<h2>aide pour les femmes victimes de violences<\/h2>\n\n\n\n<div class=\"is-layout-flex wp-container-3 wp-block-columns alignfull\">\n<div class=\"is-layout-flow wp-block-column\" style=\"--col-width:33.33%;flex-basis:33.33%\">\n<figure class=\"wp-block-image size-full\"><img decoding=\"async\" loading=\"lazy\" width=\"2566\" height=\"2400\" src=\"https:\/\/balancetapepite.fr\/wp-content\/uploads\/2023\/01\/Illustration_sans_titre-26.png\" alt=\"\" class=\"wp-image-743\"\/><\/figure>\n<\/div>\n\n\n\n<div class=\"is-layout-flow wp-block-column\" style=\"--col-width:66.66%;flex-basis:66.66%\">\n<p class=\"has-text-align-center\">Cette page d&rsquo;aide pour les femmes victimes de violences regroupe une liste <strong>associations comp\u00e9tentes<\/strong> et leurs contacts \u00e0 ne pas h\u00e9siter d&rsquo;utiliser en cas de besoin. Balance ta p\u00e9pite est une association qui <strong>regroupe des t\u00e9moignages<\/strong> dans le but de sensibiliser l&rsquo;opinion public. Par contre, il est important de noter que nos b\u00e9n\u00e9voles <strong>ne sont pas form\u00e9s <\/strong>\u00e0 accompagner et \u00e0 aider les femmes victimes de violences sexistes et sexuelles.<\/p>\n\n\n\n<div style=\"height:40px\" aria-hidden=\"true\" class=\"wp-block-spacer\"><\/div>\n\n\n\n<p class=\"has-text-align-center arrondis has-primary-color has-base-background-color has-text-color has-background\">En cas d&rsquo;urgence, appelez&nbsp;<strong>la police au&nbsp;17<\/strong> et si vous ne pouvez pas parler, envoyez&nbsp;leur<strong> un SMS au 114<\/strong>.<\/p>\n<\/div>\n<\/div>\n\n\n\n<div style=\"height:100px\" aria-hidden=\"true\" class=\"wp-block-spacer\"><\/div>\n\n\n\n<h2>Plateformes nationales<\/h2>\n\n\n\n<p>Pour les <strong>mineur\u00b7es<\/strong> victimes de violences, appelez le <strong>119<\/strong>. <br>Pour les <strong>femmes<\/strong> victimes de violences, appelez le <strong>3919<\/strong>.<\/p>\n\n\n\n<p>Ces deux num\u00e9ros sont <strong>anonymes<\/strong>, <strong>gratuits<\/strong> et disponibles <strong>24\/7<\/strong>. Ils n&rsquo;apparaissent pas sur les relev\u00e9s t\u00e9l\u00e9phoniques.<\/p>\n\n\n\n<div style=\"height:23px\" aria-hidden=\"true\" class=\"wp-block-spacer\"><\/div>\n\n\n\n<h2>Associations soutenues par l&rsquo;\u00e9tat<\/h2>\n\n\n\n<p>Pour toutes questions sur l&rsquo;IVG, appelez gratuitement le <a rel=\"noreferrer noopener\" href=\"https:\/\/ivg-contraception-sexualites.org\" data-type=\"URL\" data-id=\"https:\/\/ivg-contraception-sexualites.org\" target=\"_blank\">planning familial<\/a> au <strong>0.800.08.11.11<\/strong><\/p>\n\n\n\n<p>Pour les femmes victimes de violences sexistes et sexuelles, <a data-type=\"URL\" data-id=\"https:\/\/enavanttoutes.fr\" href=\"https:\/\/enavanttoutes.fr\" target=\"_blank\" rel=\"noreferrer noopener\">En Avant Toutes<\/a> a mis en place <a data-type=\"URL\" data-id=\"https:\/\/commentonsaime.fr\" href=\"https:\/\/commentonsaime.fr\" target=\"_blank\" rel=\"noreferrer noopener\">un chat gratuit<\/a>.<\/p>\n\n\n\n<p>L&rsquo;application <a data-type=\"URL\" data-id=\"https:\/\/www.jointhesorority.com\" href=\"https:\/\/www.jointhesorority.com\" target=\"_blank\" rel=\"noreferrer noopener\">Sorority<\/a> vous permet de donner l&rsquo;alerte en cas de harc\u00e8lement de rue.<\/p>\n\n\n\n<p>Pour les femmes victimes de violences conjugales, <a href=\"https:\/\/ellesimaginent.fr\" target=\"_blank\" rel=\"noreferrer noopener\">Elle&rsquo;s Imagine&rsquo;nt<\/a> organisent des groupes de paroles.<\/p>\n\n\n\n<p>Vous pouvez d\u00e9sormais <strong>signaler des violences<\/strong> au sein de votre couple en pharmacie. <strong>Demandez le masque 19<\/strong>.<\/p>\n\n\n\n<p>Pour connaitre les associations proches de chez vous, <a data-type=\"URL\" data-id=\"https:\/\/www.noustoutes.org\" href=\"https:\/\/www.noustoutes.org\" target=\"_blank\" rel=\"noreferrer noopener\">NousToutes<\/a> a regroup\u00e9 les coordonn\u00e9es de multiples associations dans <a data-type=\"URL\" data-id=\"https:\/\/docs.google.com\/document\/d\/1lAa25mqVYlPWnkOwb2xJUyrqT1VCwZdR9kV1FVVbkqE\/edit\" href=\"https:\/\/docs.google.com\/document\/d\/1lAa25mqVYlPWnkOwb2xJUyrqT1VCwZdR9kV1FVVbkqE\/edit\" target=\"_blank\" rel=\"noreferrer noopener\">ce document<\/a>.<\/p>\n\n\n\n<p><\/p>\n","protected":false},"excerpt":{"rendered":"<p>aide pour les femmes victimes de violences Cette page d&rsquo;aide pour les femmes victimes de violences regroupe une liste associations comp\u00e9tentes et leurs contacts \u00e0 ne pas h\u00e9siter d&rsquo;utiliser en cas de besoin. Balance ta p\u00e9pite est une association qui regroupe des t\u00e9moignages dans le but de sensibiliser l&rsquo;opinion public. Par contre, il est important [&hellip;]<\/p>\n","protected":false},"author":1,"featured_media":0,"parent":0,"menu_order":0,"comment_status":"closed","ping_status":"closed","template":"","meta":[],"yoast_head":"<!-- This site is optimized with the Yoast SEO plugin v19.13 - https:\/\/yoast.com\/wordpress\/plugins\/seo\/ -->\n<title>Aide femmes victimes de violences - Balance ta p\u00e9pite<\/title>\n<meta name=\"description\" content=\"Page d&#039;aide pour les femmes et les mineurs victimes de violences sexistes et sexuelles d&#039;associations comp\u00e9tentes et leurs contacts\" \/>\n<meta name=\"robots\" content=\"index, follow, max-snippet:-1, max-image-preview:large, max-video-preview:-1\" \/>\n<link rel=\"canonical\" href=\"https:\/\/balancetapepite.fr\/?page_id=414\" \/>\n<meta property=\"og:locale\" content=\"fr_FR\" \/>\n<meta property=\"og:type\" content=\"article\" \/>\n<meta property=\"og:title\" content=\"Aide femmes victimes de violences - Balance ta p\u00e9pite\" \/>\n<meta property=\"og:description\" content=\"Page d&#039;aide pour les femmes et les mineurs victimes de violences sexistes et sexuelles d&#039;associations comp\u00e9tentes et leurs contacts\" \/>\n<meta property=\"og:url\" content=\"https:\/\/balancetapepite.fr\/?page_id=414\" \/>\n<meta property=\"og:site_name\" content=\"Balance ta p\u00e9pite\" \/>\n<meta property=\"article:publisher\" content=\"https:\/\/www.facebook.com\/balancetapepite\" \/>\n<meta property=\"article:modified_time\" content=\"2023-01-04T13:30:51+00:00\" \/>\n<meta property=\"og:image\" content=\"https:\/\/balancetapepite.fr\/wp-content\/uploads\/2023\/01\/BENEVOLAT-5.jpg\" \/>\n<meta name=\"twitter:card\" content=\"summary_large_image\" \/>\n<meta name=\"twitter:label1\" content=\"Dur\u00e9e de lecture estim\u00e9e\" \/>\n\t<meta name=\"twitter:data1\" content=\"2 minutes\" \/>\n<script type=\"application\/ld+json\" class=\"yoast-schema-graph\">{\"@context\":\"https:\/\/schema.org\",\"@graph\":[{\"@type\":\"WebPage\",\"@id\":\"https:\/\/balancetapepite.fr\/?page_id=414\",\"url\":\"https:\/\/balancetapepite.fr\/?page_id=414\",\"name\":\"Aide femmes victimes de violences - Balance ta p\u00e9pite\",\"isPartOf\":{\"@id\":\"https:\/\/balancetapepite.fr\/#website\"},\"datePublished\":\"2022-12-20T11:54:04+00:00\",\"dateModified\":\"2023-01-04T13:30:51+00:00\",\"description\":\"Page d'aide pour les femmes et les mineurs victimes de violences sexistes et sexuelles d'associations comp\u00e9tentes et leurs contacts\",\"breadcrumb\":{\"@id\":\"https:\/\/balancetapepite.fr\/?page_id=414#breadcrumb\"},\"inLanguage\":\"fr-FR\",\"potentialAction\":[{\"@type\":\"ReadAction\",\"target\":[\"https:\/\/balancetapepite.fr\/?page_id=414\"]}]},{\"@type\":\"BreadcrumbList\",\"@id\":\"https:\/\/balancetapepite.fr\/?page_id=414#breadcrumb\",\"itemListElement\":[{\"@type\":\"ListItem\",\"position\":1,\"name\":\"Accueil\",\"item\":\"https:\/\/balancetapepite.fr\/\"},{\"@type\":\"ListItem\",\"position\":2,\"name\":\"Trouver de l&rsquo;aide\"}]},{\"@type\":\"WebSite\",\"@id\":\"https:\/\/balancetapepite.fr\/#website\",\"url\":\"https:\/\/balancetapepite.fr\/\",\"name\":\"Balance ta p\u00e9pite\",\"description\":\"F\u00e9minisme et pop culture\",\"publisher\":{\"@id\":\"https:\/\/balancetapepite.fr\/#organization\"},\"potentialAction\":[{\"@type\":\"SearchAction\",\"target\":{\"@type\":\"EntryPoint\",\"urlTemplate\":\"https:\/\/balancetapepite.fr\/?s={search_term_string}\"},\"query-input\":\"required name=search_term_string\"}],\"inLanguage\":\"fr-FR\"},{\"@type\":\"Organization\",\"@id\":\"https:\/\/balancetapepite.fr\/#organization\",\"name\":\"Balance ta p\u00e9pite\",\"url\":\"https:\/\/balancetapepite.fr\/\",\"logo\":{\"@type\":\"ImageObject\",\"inLanguage\":\"fr-FR\",\"@id\":\"https:\/\/balancetapepite.fr\/#\/schema\/logo\/image\/\",\"url\":\"https:\/\/balancetapepite.fr\/wp-content\/uploads\/2022\/12\/logo-btp.jpg\",\"contentUrl\":\"https:\/\/balancetapepite.fr\/wp-content\/uploads\/2022\/12\/logo-btp.jpg\",\"width\":2816,\"height\":2048,\"caption\":\"Balance ta p\u00e9pite\"},\"image\":{\"@id\":\"https:\/\/balancetapepite.fr\/#\/schema\/logo\/image\/\"},\"sameAs\":[\"https:\/\/www.instagram.com\/balancetapepite\",\"https:\/\/www.linkedin.com\/company\/balance-ta-pepite\/\",\"https:\/\/www.facebook.com\/balancetapepite\"]}]}<\/script>\n<!-- \/ Yoast SEO plugin. -->","yoast_head_json":{"title":"Aide femmes victimes de violences - Balance ta p\u00e9pite","description":"Page d'aide pour les femmes et les mineurs victimes de violences sexistes et sexuelles d'associations comp\u00e9tentes et leurs contacts","robots":{"index":"index","follow":"follow","max-snippet":"max-snippet:-1","max-image-preview":"max-image-preview:large","max-video-preview":"max-video-preview:-1"},"canonical":"https:\/\/balancetapepite.fr\/?page_id=414","og_locale":"fr_FR","og_type":"article","og_title":"Aide femmes victimes de violences - Balance ta p\u00e9pite","og_description":"Page d'aide pour les femmes et les mineurs victimes de violences sexistes et sexuelles d'associations comp\u00e9tentes et leurs contacts","og_url":"https:\/\/balancetapepite.fr\/?page_id=414","og_site_name":"Balance ta p\u00e9pite","article_publisher":"https:\/\/www.facebook.com\/balancetapepite","article_modified_time":"2023-01-04T13:30:51+00:00","og_image":[{"url":"https:\/\/balancetapepite.fr\/wp-content\/uploads\/2023\/01\/BENEVOLAT-5.jpg"}],"twitter_card":"summary_large_image","twitter_misc":{"Dur\u00e9e de lecture estim\u00e9e":"2 minutes"},"schema":{"@context":"https:\/\/schema.org","@graph":[{"@type":"WebPage","@id":"https:\/\/balancetapepite.fr\/?page_id=414","url":"https:\/\/balancetapepite.fr\/?page_id=414","name":"Aide femmes victimes de violences - Balance ta p\u00e9pite","isPartOf":{"@id":"https:\/\/balancetapepite.fr\/#website"},"datePublished":"2022-12-20T11:54:04+00:00","dateModified":"2023-01-04T13:30:51+00:00","description":"Page d'aide pour les femmes et les mineurs victimes de violences sexistes et sexuelles d'associations comp\u00e9tentes et leurs contacts","breadcrumb":{"@id":"https:\/\/balancetapepite.fr\/?page_id=414#breadcrumb"},"inLanguage":"fr-FR","potentialAction":[{"@type":"ReadAction","target":["https:\/\/balancetapepite.fr\/?page_id=414"]}]},{"@type":"BreadcrumbList","@id":"https:\/\/balancetapepite.fr\/?page_id=414#breadcrumb","itemListElement":[{"@type":"ListItem","position":1,"name":"Accueil","item":"https:\/\/balancetapepite.fr\/"},{"@type":"ListItem","position":2,"name":"Trouver de l&rsquo;aide"}]},{"@type":"WebSite","@id":"https:\/\/balancetapepite.fr\/#website","url":"https:\/\/balancetapepite.fr\/","name":"Balance ta p\u00e9pite","description":"F\u00e9minisme et pop culture","publisher":{"@id":"https:\/\/balancetapepite.fr\/#organization"},"potentialAction":[{"@type":"SearchAction","target":{"@type":"EntryPoint","urlTemplate":"https:\/\/balancetapepite.fr\/?s={search_term_string}"},"query-input":"required name=search_term_string"}],"inLanguage":"fr-FR"},{"@type":"Organization","@id":"https:\/\/balancetapepite.fr\/#organization","name":"Balance ta p\u00e9pite","url":"https:\/\/balancetapepite.fr\/","logo":{"@type":"ImageObject","inLanguage":"fr-FR","@id":"https:\/\/balancetapepite.fr\/#\/schema\/logo\/image\/","url":"https:\/\/balancetapepite.fr\/wp-content\/uploads\/2022\/12\/logo-btp.jpg","contentUrl":"https:\/\/balancetapepite.fr\/wp-content\/uploads\/2022\/12\/logo-btp.jpg","width":2816,"height":2048,"caption":"Balance ta p\u00e9pite"},"image":{"@id":"https:\/\/balancetapepite.fr\/#\/schema\/logo\/image\/"},"sameAs":["https:\/\/www.instagram.com\/balancetapepite","https:\/\/www.linkedin.com\/company\/balance-ta-pepite\/","https:\/\/www.facebook.com\/balancetapepite"]}]}},"_links":{"self":[{"href":"https:\/\/balancetapepite.fr\/index.php?rest_route=\/wp\/v2\/pages\/414"}],"collection":[{"href":"https:\/\/balancetapepite.fr\/index.php?rest_route=\/wp\/v2\/pages"}],"about":[{"href":"https:\/\/balancetapepite.fr\/index.php?rest_route=\/wp\/v2\/types\/page"}],"author":[{"embeddable":true,"href":"https:\/\/balancetapepite.fr\/index.php?rest_route=\/wp\/v2\/users\/1"}],"replies":[{"embeddable":true,"href":"https:\/\/balancetapepite.fr\/index.php?rest_route=%2Fwp%2Fv2%2Fcomments&post=414"}],"version-history":[{"count":25,"href":"https:\/\/balancetapepite.fr\/index.php?rest_route=\/wp\/v2\/pages\/414\/revisions"}],"predecessor-version":[{"id":843,"href":"https:\/\/balancetapepite.fr\/index.php?rest_route=\/wp\/v2\/pages\/414\/revisions\/843"}],"wp:attachment":[{"href":"https:\/\/balancetapepite.fr\/index.php?rest_route=%2Fwp%2Fv2%2Fmedia&parent=414"}],"curies":[{"name":"wp","href":"https:\/\/api.w.org\/{rel}","templated":true}]}}