{"id":44,"date":"2022-12-15T19:21:17","date_gmt":"2022-12-15T19:21:17","guid":{"rendered":"https:\/\/balancetapepite.fr\/?page_id=26\/?page_id=44"},"modified":"2024-11-29T13:59:26","modified_gmt":"2024-11-29T13:59:26","slug":"association-feministe","status":"publish","type":"page","link":"https:\/\/balancetapepite.fr\/","title":{"rendered":"Accueil"},"content":{"rendered":"\n<div class=\"is-layout-flex wp-container-2 wp-block-columns alignfull ombre has-base-background-color has-background\" style=\"border-top-left-radius:0px;border-top-right-radius:0px;border-bottom-left-radius:30px;border-bottom-right-radius:30px;border-top-style:none;border-top-width:0px;border-right-style:none;border-right-width:0px;border-bottom-color:#0000005c;border-bottom-style:none;border-bottom-width:0px;border-left-style:none;border-left-width:0px;padding-top:var(--wp--preset--spacing--40);padding-right:var(--wp--preset--spacing--40);padding-bottom:var(--wp--preset--spacing--50);padding-left:var(--wp--preset--spacing--40)\">\n<div class=\"is-layout-flow wp-block-column\">\n<figure class=\"wp-block-image aligncenter size-full is-resized\"><img decoding=\"async\" loading=\"lazy\" src=\"https:\/\/balancetapepite.fr\/wp-content\/uploads\/2022\/12\/logo_btp_2-transparent.png\" alt=\"\" class=\"wp-image-337\" width=\"392\" height=\"284\"\/><\/figure>\n<\/div>\n<\/div>\n\n\n\n<div class=\"is-layout-flex wp-container-5 wp-block-columns alignfull tw-justify-center has-medium-font-size has-text-align-left\" style=\"border-style:none;border-width:0px;border-radius:0px;padding-top:0px;padding-right:0px;padding-bottom:0px;padding-left:0px\">\n<div class=\"is-layout-flow wp-block-column tw-stretched-link\" style=\"padding-left:0px;--col-width:500px;flex-basis:500px\">\n<h3 style=\"margin-right:var(--wp--preset--spacing--60)\">le podcast<\/h3>\n\n\n\n<iframe src=\"https:\/\/embed.podcasts.apple.com\/us\/podcast\/balance-ta-p%C3%A9pite\/id1610705183?itsct=podcast_box_player&amp;itscg=30200&amp;ls=1&amp;theme=light\" height=\"450px\" frameborder=\"0\" sandbox=\"allow-forms allow-popups allow-same-origin allow-scripts allow-top-navigation-by-user-activation\" allow=\"autoplay *; encrypted-media *; clipboard-write\" style=\"width: 100%; max-width: 660px; overflow: hidden; border-top-left-radius: 10px; border-top-right-radius: 10px; border-bottom-right-radius: 10px; border-bottom-left-radius: 10px; background-color: transparent;\"><\/iframe>\n<\/div>\n\n\n\n<div class=\"has-global-padding is-content-justification-center is-layout-constrained wp-block-column is-vertically-aligned-top is-style-default has-medium-font-size\" style=\"border-style:none;border-width:0px;padding-top:0;padding-right:0px;padding-bottom:0;padding-left:var(--wp--preset--spacing--60);--col-width:500px;flex-basis:500px\">\n<h3>Blog<\/h3>\n\n\n<ul class=\"wp-block-latest-posts__list tw-stretched-link tw-img-ratio-16-9 tw-posts-rounded tw-img-rounded is-style-tw-posts-card wp-block-latest-posts\"><li><div class=\"wp-block-latest-posts__featured-image\"><a href=\"https:\/\/balancetapepite.fr\/?p=1051\" aria-label=\"#31 &#8211; syndrome de la schtroumpfette\"><img width=\"300\" height=\"150\" src=\"https:\/\/balancetapepite.fr\/wp-content\/uploads\/2023\/03\/31-300x150.jpg\" class=\"attachment-medium size-medium wp-post-image\" alt=\"\" decoding=\"async\" loading=\"lazy\" style=\"max-height:500px;\" srcset=\"https:\/\/balancetapepite.fr\/wp-content\/uploads\/2023\/03\/31-300x150.jpg 300w, https:\/\/balancetapepite.fr\/wp-content\/uploads\/2023\/03\/31-1024x512.jpg 1024w, https:\/\/balancetapepite.fr\/wp-content\/uploads\/2023\/03\/31-768x384.jpg 768w, https:\/\/balancetapepite.fr\/wp-content\/uploads\/2023\/03\/31-1536x768.jpg 1536w, https:\/\/balancetapepite.fr\/wp-content\/uploads\/2023\/03\/31-2048x1024.jpg 2048w\" sizes=\"(max-width: 300px) 100vw, 300px\" \/><\/a><\/div><a class=\"wp-block-latest-posts__post-title\" href=\"https:\/\/balancetapepite.fr\/?p=1051\">#31 &#8211; syndrome de la schtroumpfette<\/a><\/li>\n<\/ul><\/div>\n<\/div>\n\n\n\n<div class=\"is-layout-flex wp-container-11 wp-block-columns alignfull ombre-top has-background has-medium-font-size\" style=\"border-top-left-radius:50px;border-top-right-radius:50px;border-bottom-left-radius:0px;border-bottom-right-radius:0px;background:linear-gradient(180deg,rgb(0,111,139) 32%,rgba(0,112,140,0.68) 62%,rgba(49,148,173,0) 100%);padding-top:100px;padding-right:40px;padding-bottom:80px;padding-left:40px\">\n<div class=\"is-layout-flow wp-block-column\">\n<p><\/p>\n\n\n\n<p><\/p>\n\n\n\n<h3 class=\"has-primary-color has-text-color\" style=\"margin-top:0;margin-right:0;margin-bottom:0;margin-left:var(--wp--preset--spacing--50)\">Qui sommes nous ?<\/h3>\n\n\n\n<figure class=\"wp-block-image aligncenter size-full is-resized has-custom-border\"><img decoding=\"async\" loading=\"lazy\" src=\"https:\/\/balancetapepite.fr\/wp-content\/uploads\/2023\/01\/Illustration_sans_titre-24.png\" alt=\"\" class=\"wp-image-748\" style=\"border-style:none;border-width:0px;border-radius:0px\" width=\"255\" height=\"389\"\/><\/figure>\n\n\n\n<h4 class=\"has-text-align-center has-primary-color has-text-color\" style=\"font-size:clamp(30px, 1.875rem + ((1vw - 7.68px) * 1.202), 40px);\">F\u00e9minisme et pop culture<\/h4>\n\n\n\n<p class=\"has-text-align-center has-contrast-color has-text-color has-medium-font-size\" style=\"margin-right:var(--wp--preset--spacing--40);margin-left:var(--wp--preset--spacing--40)\">Balance ta p\u00e9pite est une <strong>association f\u00e9ministe<\/strong> (loi 1901) qui questionne la place des femmes dans la soci\u00e9t\u00e9 \u00e0 travers la <strong>pop culture<\/strong>. Notre objectif est de <strong>sensibiliser l&rsquo;opinion public<\/strong> sur les questions d&rsquo;<strong>\u00e9galit\u00e9 filles-gar\u00e7ons<\/strong> et de participer \u00e0 <strong>\u00e9lever le niveau de f\u00e9minisme<\/strong> dans la soci\u00e9t\u00e9.<br><br>Pour ce faire, nous avons plusieurs outils. D&rsquo;abord, <strong>le podcast <\/strong>avec nos deux \u00e9missions (<em>Balance ta p\u00e9pite<\/em> et <em>Balance ton mot<\/em>). Ensuite, les <strong>ateliers de sensibilisation<\/strong> \u00e0 destination des \u00e9l\u00e8ves de maternelles, des coll\u00e9gien\u00b7nes, des lyc\u00e9en\u00b7nes et des entreprises. Enfin, les <strong>r\u00e9seaux sociaux<\/strong> avec le partage de contenus p\u00e9dagogiques.<\/p>\n\n\n\n<div style=\"height:50px\" aria-hidden=\"true\" class=\"wp-block-spacer\"><\/div>\n\n\n\n<div class=\"is-layout-flex wp-block-buttons\">\n<div class=\"wp-block-button aligncenter is-style-fill\"><a class=\"wp-block-button__link has-tertiary-color has-text-color wp-element-button\" href=\"https:\/\/balancetapepite.fr\/?page_id=81\" style=\"border-radius:30px;padding-top:10px;padding-right:15px;padding-bottom:10px;padding-left:15px\">D\u00e9couvrir nos projets<\/a><\/div>\n<\/div>\n\n\n\n<div style=\"height:100px\" aria-hidden=\"true\" class=\"wp-block-spacer\"><\/div>\n\n\n\n<div class=\"is-layout-flex wp-container-9 wp-block-columns\" style=\"padding-left:0\">\n<div class=\"is-layout-flow wp-block-column is-vertically-aligned-center has-medium-font-size\" style=\"padding-top:0;--col-width:33.33%;flex-basis:33.33%\">\n<h3 style=\"margin-left:0\">nos Partenaires<\/h3>\n<\/div>\n\n\n\n<div class=\"is-layout-flow wp-block-column\" style=\"--col-width:66.66%;flex-basis:66.66%\">\n<p>\u00a0<\/p>\n<p><em style=\"font-size: revert; color: var(--wp--preset--color--base); font-family: var(--wp--preset--font-family--open-sans);\">Le soutien de nos partenaires est indispensable au d\u00e9veloppement de nos projets. Merci \u00e0 elleux.<\/em><\/p>\n<p style=\"text-align: left;\">\u00a0 \u00a0 \u00a0<a href=\"https:\/\/france.devoteam.com\/fondation-devoteam\/\"><strong>Fondation Devoteam<\/strong><\/a> \u00b7<a href=\"http:\/\/www.lespetitspoings.fr\"><strong> Les Petits Poings<\/strong><\/a> \u00b7 <a href=\"https:\/\/www.linkedin.com\/company\/105789762\/admin\/dashboard\/\"><strong>Boulette Prod<\/strong><\/a> \u00b7 <a href=\"https:\/\/mairie10.paris.fr\"><strong>Paris 10<\/strong><\/a><\/p>\n<\/div>\n<\/div>\n<\/div>\n<\/div>\n\n\n\n<div class=\"is-layout-flex wp-container-16 wp-block-columns alignfull tw-justify-center has-text-align-left\" style=\"border-style:none;border-width:0px;border-radius:0px\">\n<div class=\"is-layout-flow wp-block-column tw-stretched-link\" style=\"padding-left:0px;--col-width:500px;flex-basis:500px\">\n<h3 style=\"margin-right:var(--wp--preset--spacing--60)\">p\u00e9pite de m\u00e9c\u00e8ne<\/h3>\n\n\n\n<p>Si tu veux <strong>aider<\/strong> l&rsquo;association f\u00e9ministe \u00ab&nbsp;Balance ta p\u00e9pite&nbsp;\u00bb \u00e0 <strong>d\u00e9velopper ces projets de sensibilisation<\/strong>, tu peux faire un don ponctuel ou mensuel.<\/p>\n\n\n\n<p><em>Association d&rsquo;int\u00e9r\u00eat g\u00e9n\u00e9rale, chaque dons offre droit \u00e0 la<strong> d\u00e9duction fiscale<\/strong><\/em>.<\/p>\n\n\n\n<div class=\"is-layout-flex wp-block-buttons\">\n<div class=\"wp-block-button\"><a class=\"wp-block-button__link wp-element-button\" href=\"https:\/\/www.helloasso.com\/associations\/balance-ta-pepite\/formulaires\/2?_ga=2.158307709.65508038.1676557123-1504817230.1675949062\" style=\"border-radius:30px;padding-top:8px;padding-right:var(--wp--preset--spacing--30);padding-bottom:8px;padding-left:var(--wp--preset--spacing--30)\" target=\"_blank\" rel=\"noreferrer noopener\">Faire un don<\/a><\/div>\n<\/div>\n<\/div>\n\n\n\n<div class=\"has-global-padding is-content-justification-center is-layout-constrained wp-block-column is-vertically-aligned-top is-style-default has-medium-font-size\" style=\"border-style:none;border-width:0px;padding-top:0;padding-right:0px;padding-bottom:0;padding-left:var(--wp--preset--spacing--60);--col-width:500px;flex-basis:500px\">\n<h3>p\u00e9pite de b\u00e9n\u00e9vole<\/h3>\n\n\n\n<p>Si tu veux t&rsquo;engager au sein de l&rsquo;association f\u00e9ministe \u00ab&nbsp;Balance ta p\u00e9pite&nbsp;\u00bb, <strong>rejoins notre communaut\u00e9<\/strong> ! <\/p>\n\n\n\n<p>Nous acceptons tout le monde, du moment que tu veux faire bouger les choses !<\/p>\n\n\n\n<div class=\"is-layout-flex wp-block-buttons\">\n<div class=\"wp-block-button\"><a class=\"wp-block-button__link wp-element-button\" href=\"https:\/\/balancetapepite.fr\/?page_id=79\" style=\"border-radius:30px;padding-top:8px;padding-right:var(--wp--preset--spacing--30);padding-bottom:8px;padding-left:var(--wp--preset--spacing--30)\">s&rsquo;engager<\/a><\/div>\n<\/div>\n<\/div>\n<\/div>\n\n\n\n<div style=\"height:39px\" aria-hidden=\"true\" class=\"wp-block-spacer\"><\/div>\n\n\n\n<div class=\"is-layout-flex wp-container-20 wp-block-columns alignfull\">\n<div class=\"is-layout-flow wp-block-column\">\n<h3>Nous contacter<\/h3>\n\n\n\n<p><a href=\"mailto:hello@balancetapepite.fr\">hello@balancetapepite.fr<\/a><\/p>\n\n\n\n<ul class=\"is-layout-flex wp-block-social-links\"><li class=\"wp-social-link wp-social-link-instagram wp-block-social-link\"><a href=\"https:\/\/www.instagram.com\/balancetapepite\"  class=\"wp-block-social-link-anchor\"><svg width=\"24\" height=\"24\" viewBox=\"0 0 24 24\" version=\"1.1\" xmlns=\"http:\/\/www.w3.org\/2000\/svg\" aria-hidden=\"true\" focusable=\"false\"><path d=\"M12,4.622c2.403,0,2.688,0.009,3.637,0.052c0.877,0.04,1.354,0.187,1.671,0.31c0.42,0.163,0.72,0.358,1.035,0.673 c0.315,0.315,0.51,0.615,0.673,1.035c0.123,0.317,0.27,0.794,0.31,1.671c0.043,0.949,0.052,1.234,0.052,3.637 s-0.009,2.688-0.052,3.637c-0.04,0.877-0.187,1.354-0.31,1.671c-0.163,0.42-0.358,0.72-0.673,1.035 c-0.315,0.315-0.615,0.51-1.035,0.673c-0.317,0.123-0.794,0.27-1.671,0.31c-0.949,0.043-1.233,0.052-3.637,0.052 s-2.688-0.009-3.637-0.052c-0.877-0.04-1.354-0.187-1.671-0.31c-0.42-0.163-0.72-0.358-1.035-0.673 c-0.315-0.315-0.51-0.615-0.673-1.035c-0.123-0.317-0.27-0.794-0.31-1.671C4.631,14.688,4.622,14.403,4.622,12 s0.009-2.688,0.052-3.637c0.04-0.877,0.187-1.354,0.31-1.671c0.163-0.42,0.358-0.72,0.673-1.035 c0.315-0.315,0.615-0.51,1.035-0.673c0.317-0.123,0.794-0.27,1.671-0.31C9.312,4.631,9.597,4.622,12,4.622 M12,3 C9.556,3,9.249,3.01,8.289,3.054C7.331,3.098,6.677,3.25,6.105,3.472C5.513,3.702,5.011,4.01,4.511,4.511 c-0.5,0.5-0.808,1.002-1.038,1.594C3.25,6.677,3.098,7.331,3.054,8.289C3.01,9.249,3,9.556,3,12c0,2.444,0.01,2.751,0.054,3.711 c0.044,0.958,0.196,1.612,0.418,2.185c0.23,0.592,0.538,1.094,1.038,1.594c0.5,0.5,1.002,0.808,1.594,1.038 c0.572,0.222,1.227,0.375,2.185,0.418C9.249,20.99,9.556,21,12,21s2.751-0.01,3.711-0.054c0.958-0.044,1.612-0.196,2.185-0.418 c0.592-0.23,1.094-0.538,1.594-1.038c0.5-0.5,0.808-1.002,1.038-1.594c0.222-0.572,0.375-1.227,0.418-2.185 C20.99,14.751,21,14.444,21,12s-0.01-2.751-0.054-3.711c-0.044-0.958-0.196-1.612-0.418-2.185c-0.23-0.592-0.538-1.094-1.038-1.594 c-0.5-0.5-1.002-0.808-1.594-1.038c-0.572-0.222-1.227-0.375-2.185-0.418C14.751,3.01,14.444,3,12,3L12,3z M12,7.378 c-2.552,0-4.622,2.069-4.622,4.622S9.448,16.622,12,16.622s4.622-2.069,4.622-4.622S14.552,7.378,12,7.378z M12,15 c-1.657,0-3-1.343-3-3s1.343-3,3-3s3,1.343,3,3S13.657,15,12,15z M16.804,6.116c-0.596,0-1.08,0.484-1.08,1.08 s0.484,1.08,1.08,1.08c0.596,0,1.08-0.484,1.08-1.08S17.401,6.116,16.804,6.116z\"><\/path><\/svg><span class=\"wp-block-social-link-label screen-reader-text\">Instagram<\/span><\/a><\/li>\n\n<li class=\"wp-social-link wp-social-link-tiktok wp-block-social-link\"><a href=\"https:\/\/www.tiktok.com\/@chanelmentie?lang=fr\"  class=\"wp-block-social-link-anchor\"><svg width=\"24\" height=\"24\" viewBox=\"0 0 32 32\" version=\"1.1\" xmlns=\"http:\/\/www.w3.org\/2000\/svg\" aria-hidden=\"true\" focusable=\"false\"><path d=\"M16.708 0.027c1.745-0.027 3.48-0.011 5.213-0.027 0.105 2.041 0.839 4.12 2.333 5.563 1.491 1.479 3.6 2.156 5.652 2.385v5.369c-1.923-0.063-3.855-0.463-5.6-1.291-0.76-0.344-1.468-0.787-2.161-1.24-0.009 3.896 0.016 7.787-0.025 11.667-0.104 1.864-0.719 3.719-1.803 5.255-1.744 2.557-4.771 4.224-7.88 4.276-1.907 0.109-3.812-0.411-5.437-1.369-2.693-1.588-4.588-4.495-4.864-7.615-0.032-0.667-0.043-1.333-0.016-1.984 0.24-2.537 1.495-4.964 3.443-6.615 2.208-1.923 5.301-2.839 8.197-2.297 0.027 1.975-0.052 3.948-0.052 5.923-1.323-0.428-2.869-0.308-4.025 0.495-0.844 0.547-1.485 1.385-1.819 2.333-0.276 0.676-0.197 1.427-0.181 2.145 0.317 2.188 2.421 4.027 4.667 3.828 1.489-0.016 2.916-0.88 3.692-2.145 0.251-0.443 0.532-0.896 0.547-1.417 0.131-2.385 0.079-4.76 0.095-7.145 0.011-5.375-0.016-10.735 0.025-16.093z\" \/><\/svg><span class=\"wp-block-social-link-label screen-reader-text\">TikTok<\/span><\/a><\/li>\n\n<li class=\"wp-social-link wp-social-link-linkedin wp-block-social-link\"><a href=\"https:\/\/www.linkedin.com\/company\/balance-ta-pepite\"  class=\"wp-block-social-link-anchor\"><svg width=\"24\" height=\"24\" viewBox=\"0 0 24 24\" version=\"1.1\" xmlns=\"http:\/\/www.w3.org\/2000\/svg\" aria-hidden=\"true\" focusable=\"false\"><path d=\"M19.7,3H4.3C3.582,3,3,3.582,3,4.3v15.4C3,20.418,3.582,21,4.3,21h15.4c0.718,0,1.3-0.582,1.3-1.3V4.3 C21,3.582,20.418,3,19.7,3z M8.339,18.338H5.667v-8.59h2.672V18.338z M7.004,8.574c-0.857,0-1.549-0.694-1.549-1.548 c0-0.855,0.691-1.548,1.549-1.548c0.854,0,1.547,0.694,1.547,1.548C8.551,7.881,7.858,8.574,7.004,8.574z M18.339,18.338h-2.669 v-4.177c0-0.996-0.017-2.278-1.387-2.278c-1.389,0-1.601,1.086-1.601,2.206v4.249h-2.667v-8.59h2.559v1.174h0.037 c0.356-0.675,1.227-1.387,2.526-1.387c2.703,0,3.203,1.779,3.203,4.092V18.338z\"><\/path><\/svg><span class=\"wp-block-social-link-label screen-reader-text\">LinkedIn<\/span><\/a><\/li><\/ul>\n\n\n\n<ul class=\"is-layout-flex wp-block-social-links\"><\/ul>\n<\/div>\n<\/div>\n","protected":false},"excerpt":{"rendered":"<p>Qui sommes nous ? F\u00e9minisme et pop culture Balance ta p\u00e9pite est une association f\u00e9ministe (loi 1901) qui questionne la place des femmes dans la soci\u00e9t\u00e9 \u00e0 travers la pop culture. Notre objectif est de sensibiliser l&rsquo;opinion public sur les questions d&rsquo;\u00e9galit\u00e9 filles-gar\u00e7ons et de participer \u00e0 \u00e9lever le niveau de f\u00e9minisme dans la soci\u00e9t\u00e9. [&hellip;]<\/p>\n","protected":false},"author":1,"featured_media":49,"parent":0,"menu_order":0,"comment_status":"closed","ping_status":"closed","template":"","meta":[],"yoast_head":"<!-- This site is optimized with the Yoast SEO plugin v19.13 - https:\/\/yoast.com\/wordpress\/plugins\/seo\/ -->\n<title>Association f\u00e9ministe - Balance ta p\u00e9pite<\/title>\n<meta name=\"description\" content=\"Balance ta p\u00e9pite est une association f\u00e9ministe qui sensibilise \u00e0 travers la pop culture. Podcast, ateliers...\" \/>\n<meta name=\"robots\" content=\"index, follow, max-snippet:-1, max-image-preview:large, max-video-preview:-1\" \/>\n<link rel=\"canonical\" href=\"https:\/\/balancetapepite.fr\/\" \/>\n<meta property=\"og:locale\" content=\"fr_FR\" \/>\n<meta property=\"og:type\" content=\"article\" \/>\n<meta property=\"og:title\" content=\"Association f\u00e9ministe - Balance ta p\u00e9pite\" \/>\n<meta property=\"og:description\" content=\"Balance ta p\u00e9pite est une association f\u00e9ministe qui sensibilise \u00e0 travers la pop culture. Podcast, ateliers...\" \/>\n<meta property=\"og:url\" content=\"https:\/\/balancetapepite.fr\/\" \/>\n<meta property=\"og:site_name\" content=\"Balance ta p\u00e9pite\" \/>\n<meta property=\"article:publisher\" content=\"https:\/\/www.facebook.com\/balancetapepite\" \/>\n<meta property=\"article:modified_time\" content=\"2024-11-29T13:59:26+00:00\" \/>\n<meta property=\"og:image\" content=\"https:\/\/balancetapepite.fr\/wp-content\/uploads\/2022\/12\/logo-btp.jpg\" \/>\n\t<meta property=\"og:image:width\" content=\"2816\" \/>\n\t<meta property=\"og:image:height\" content=\"2048\" \/>\n\t<meta property=\"og:image:type\" content=\"image\/jpeg\" \/>\n<meta name=\"twitter:card\" content=\"summary_large_image\" \/>\n<meta name=\"twitter:label1\" content=\"Dur\u00e9e de lecture estim\u00e9e\" \/>\n\t<meta name=\"twitter:data1\" content=\"2 minutes\" \/>\n<script type=\"application\/ld+json\" class=\"yoast-schema-graph\">{\"@context\":\"https:\/\/schema.org\",\"@graph\":[{\"@type\":\"WebPage\",\"@id\":\"https:\/\/balancetapepite.fr\/\",\"url\":\"https:\/\/balancetapepite.fr\/\",\"name\":\"Association f\u00e9ministe - Balance ta p\u00e9pite\",\"isPartOf\":{\"@id\":\"https:\/\/balancetapepite.fr\/#website\"},\"datePublished\":\"2022-12-15T19:21:17+00:00\",\"dateModified\":\"2024-11-29T13:59:26+00:00\",\"description\":\"Balance ta p\u00e9pite est une association f\u00e9ministe qui sensibilise \u00e0 travers la pop culture. Podcast, ateliers...\",\"breadcrumb\":{\"@id\":\"https:\/\/balancetapepite.fr\/#breadcrumb\"},\"inLanguage\":\"fr-FR\",\"potentialAction\":[{\"@type\":\"ReadAction\",\"target\":[\"https:\/\/balancetapepite.fr\/\"]}]},{\"@type\":\"BreadcrumbList\",\"@id\":\"https:\/\/balancetapepite.fr\/#breadcrumb\",\"itemListElement\":[{\"@type\":\"ListItem\",\"position\":1,\"name\":\"Accueil\",\"item\":\"https:\/\/balancetapepite.fr\/\"},{\"@type\":\"ListItem\",\"position\":2,\"name\":\"Accueil\"}]},{\"@type\":\"WebSite\",\"@id\":\"https:\/\/balancetapepite.fr\/#website\",\"url\":\"https:\/\/balancetapepite.fr\/\",\"name\":\"Balance ta p\u00e9pite\",\"description\":\"F\u00e9minisme et pop culture\",\"publisher\":{\"@id\":\"https:\/\/balancetapepite.fr\/#organization\"},\"potentialAction\":[{\"@type\":\"SearchAction\",\"target\":{\"@type\":\"EntryPoint\",\"urlTemplate\":\"https:\/\/balancetapepite.fr\/?s={search_term_string}\"},\"query-input\":\"required name=search_term_string\"}],\"inLanguage\":\"fr-FR\"},{\"@type\":\"Organization\",\"@id\":\"https:\/\/balancetapepite.fr\/#organization\",\"name\":\"Balance ta p\u00e9pite\",\"url\":\"https:\/\/balancetapepite.fr\/\",\"logo\":{\"@type\":\"ImageObject\",\"inLanguage\":\"fr-FR\",\"@id\":\"https:\/\/balancetapepite.fr\/#\/schema\/logo\/image\/\",\"url\":\"https:\/\/balancetapepite.fr\/wp-content\/uploads\/2022\/12\/logo-btp.jpg\",\"contentUrl\":\"https:\/\/balancetapepite.fr\/wp-content\/uploads\/2022\/12\/logo-btp.jpg\",\"width\":2816,\"height\":2048,\"caption\":\"Balance ta p\u00e9pite\"},\"image\":{\"@id\":\"https:\/\/balancetapepite.fr\/#\/schema\/logo\/image\/\"},\"sameAs\":[\"https:\/\/www.instagram.com\/balancetapepite\",\"https:\/\/www.linkedin.com\/company\/balance-ta-pepite\/\",\"https:\/\/www.facebook.com\/balancetapepite\"]}]}<\/script>\n<!-- \/ Yoast SEO plugin. -->","yoast_head_json":{"title":"Association f\u00e9ministe - Balance ta p\u00e9pite","description":"Balance ta p\u00e9pite est une association f\u00e9ministe qui sensibilise \u00e0 travers la pop culture. Podcast, ateliers...","robots":{"index":"index","follow":"follow","max-snippet":"max-snippet:-1","max-image-preview":"max-image-preview:large","max-video-preview":"max-video-preview:-1"},"canonical":"https:\/\/balancetapepite.fr\/","og_locale":"fr_FR","og_type":"article","og_title":"Association f\u00e9ministe - Balance ta p\u00e9pite","og_description":"Balance ta p\u00e9pite est une association f\u00e9ministe qui sensibilise \u00e0 travers la pop culture. Podcast, ateliers...","og_url":"https:\/\/balancetapepite.fr\/","og_site_name":"Balance ta p\u00e9pite","article_publisher":"https:\/\/www.facebook.com\/balancetapepite","article_modified_time":"2024-11-29T13:59:26+00:00","og_image":[{"width":2816,"height":2048,"url":"https:\/\/balancetapepite.fr\/wp-content\/uploads\/2022\/12\/logo-btp.jpg","type":"image\/jpeg"}],"twitter_card":"summary_large_image","twitter_misc":{"Dur\u00e9e de lecture estim\u00e9e":"2 minutes"},"schema":{"@context":"https:\/\/schema.org","@graph":[{"@type":"WebPage","@id":"https:\/\/balancetapepite.fr\/","url":"https:\/\/balancetapepite.fr\/","name":"Association f\u00e9ministe - Balance ta p\u00e9pite","isPartOf":{"@id":"https:\/\/balancetapepite.fr\/#website"},"datePublished":"2022-12-15T19:21:17+00:00","dateModified":"2024-11-29T13:59:26+00:00","description":"Balance ta p\u00e9pite est une association f\u00e9ministe qui sensibilise \u00e0 travers la pop culture. Podcast, ateliers...","breadcrumb":{"@id":"https:\/\/balancetapepite.fr\/#breadcrumb"},"inLanguage":"fr-FR","potentialAction":[{"@type":"ReadAction","target":["https:\/\/balancetapepite.fr\/"]}]},{"@type":"BreadcrumbList","@id":"https:\/\/balancetapepite.fr\/#breadcrumb","itemListElement":[{"@type":"ListItem","position":1,"name":"Accueil","item":"https:\/\/balancetapepite.fr\/"},{"@type":"ListItem","position":2,"name":"Accueil"}]},{"@type":"WebSite","@id":"https:\/\/balancetapepite.fr\/#website","url":"https:\/\/balancetapepite.fr\/","name":"Balance ta p\u00e9pite","description":"F\u00e9minisme et pop culture","publisher":{"@id":"https:\/\/balancetapepite.fr\/#organization"},"potentialAction":[{"@type":"SearchAction","target":{"@type":"EntryPoint","urlTemplate":"https:\/\/balancetapepite.fr\/?s={search_term_string}"},"query-input":"required name=search_term_string"}],"inLanguage":"fr-FR"},{"@type":"Organization","@id":"https:\/\/balancetapepite.fr\/#organization","name":"Balance ta p\u00e9pite","url":"https:\/\/balancetapepite.fr\/","logo":{"@type":"ImageObject","inLanguage":"fr-FR","@id":"https:\/\/balancetapepite.fr\/#\/schema\/logo\/image\/","url":"https:\/\/balancetapepite.fr\/wp-content\/uploads\/2022\/12\/logo-btp.jpg","contentUrl":"https:\/\/balancetapepite.fr\/wp-content\/uploads\/2022\/12\/logo-btp.jpg","width":2816,"height":2048,"caption":"Balance ta p\u00e9pite"},"image":{"@id":"https:\/\/balancetapepite.fr\/#\/schema\/logo\/image\/"},"sameAs":["https:\/\/www.instagram.com\/balancetapepite","https:\/\/www.linkedin.com\/company\/balance-ta-pepite\/","https:\/\/www.facebook.com\/balancetapepite"]}]}},"_links":{"self":[{"href":"https:\/\/balancetapepite.fr\/index.php?rest_route=\/wp\/v2\/pages\/44"}],"collection":[{"href":"https:\/\/balancetapepite.fr\/index.php?rest_route=\/wp\/v2\/pages"}],"about":[{"href":"https:\/\/balancetapepite.fr\/index.php?rest_route=\/wp\/v2\/types\/page"}],"author":[{"embeddable":true,"href":"https:\/\/balancetapepite.fr\/index.php?rest_route=\/wp\/v2\/users\/1"}],"replies":[{"embeddable":true,"href":"https:\/\/balancetapepite.fr\/index.php?rest_route=%2Fwp%2Fv2%2Fcomments&post=44"}],"version-history":[{"count":235,"href":"https:\/\/balancetapepite.fr\/index.php?rest_route=\/wp\/v2\/pages\/44\/revisions"}],"predecessor-version":[{"id":1205,"href":"https:\/\/balancetapepite.fr\/index.php?rest_route=\/wp\/v2\/pages\/44\/revisions\/1205"}],"wp:featuredmedia":[{"embeddable":true,"href":"https:\/\/balancetapepite.fr\/index.php?rest_route=\/wp\/v2\/media\/49"}],"wp:attachment":[{"href":"https:\/\/balancetapepite.fr\/index.php?rest_route=%2Fwp%2Fv2%2Fmedia&parent=44"}],"curies":[{"name":"wp","href":"https:\/\/api.w.org\/{rel}","templated":true}]}}