{"id":79,"date":"2022-12-15T21:18:09","date_gmt":"2022-12-15T21:18:09","guid":{"rendered":"https:\/\/balancetapepite.fr\/?page_id=79"},"modified":"2023-01-04T13:29:45","modified_gmt":"2023-01-04T13:29:45","slug":"engager-association-feministe","status":"publish","type":"page","link":"https:\/\/balancetapepite.fr\/?page_id=79","title":{"rendered":"S&rsquo;engager"},"content":{"rendered":"\n<figure class=\"wp-block-image alignfull size-full has-custom-border\"><img decoding=\"async\" loading=\"lazy\" width=\"3800\" height=\"1447\" src=\"https:\/\/balancetapepite.fr\/wp-content\/uploads\/2023\/01\/BENEVOLAT-4.jpg\" alt=\"\" class=\"wp-image-713\" style=\"border-bottom-left-radius:40px;border-bottom-right-radius:40px\"\/><\/figure>\n\n\n\n<div style=\"height:35px\" aria-hidden=\"true\" class=\"wp-block-spacer\"><\/div>\n\n\n\n<h2>S&rsquo;engager dans une association f\u00e9ministe<\/h2>\n\n\n\n<div style=\"height:19px\" aria-hidden=\"true\" class=\"wp-block-spacer\"><\/div>\n\n\n\n<p>Si veux t&rsquo;engager dans l&rsquo;association f\u00e9ministe <strong>\u00ab\u00a0Balance ta p\u00e9pite\u00a0\u00bb<\/strong> et participer aux <strong><a href=\"http:\/\/www.balancetapepite.fr\/nos-actions\" target=\"_blank\" rel=\"noreferrer noopener\">actions de sensibilisation<\/a><\/strong> que nous menons sur <strong>Paris<\/strong> et en r\u00e9gion Parisienne, tu es au bon endroit ! A noter que l&rsquo;association est ouverte \u00e0 toutes et \u00e0 tous.<\/p>\n\n\n\n<div class=\"is-layout-flex wp-container-3 wp-block-columns alignfull\">\n<div class=\"is-layout-flow wp-container-1 wp-block-column\" style=\"--col-width:33.33%;flex-basis:33.33%\">\n<figure class=\"wp-block-image size-full\"><img decoding=\"async\" loading=\"lazy\" width=\"2048\" height=\"2048\" src=\"https:\/\/balancetapepite.fr\/wp-content\/uploads\/2023\/01\/Balancetapepite_pilote-2.jpg\" alt=\"\" class=\"wp-image-753\"\/><\/figure>\n<\/div>\n\n\n\n<div class=\"is-layout-flow wp-container-2 wp-block-column\" style=\"--col-width:66.66%;flex-basis:66.66%\">\n<p class=\"has-text-align-center\" style=\"margin-top:0;margin-right:var(--wp--preset--spacing--70);margin-bottom:0;margin-left:var(--wp--preset--spacing--40)\">Rejoins&nbsp;<strong>un groupe de r\u00e9flexion et de recherches<\/strong>&nbsp;sur la place de la femme dans la soci\u00e9t\u00e9 ! Chaque mois, une nouvelle <strong>th\u00e9matique \u00e0 explorer<\/strong> <em>(consentement, st\u00e9r\u00e9otypes, culture du viol&#8230;)<\/em> Chaque b\u00e9n\u00e9vole <strong>propose des supports<\/strong> (films, livre, musiques&#8230;) qui y font \u00e9chos. <strong>Tous les mois<\/strong>, nous \u00e9changeons sur le th\u00e8me et les supports qu&rsquo;on aura trouv\u00e9, lu et vu. On se pose nos <strong>questions<\/strong>, on <strong>r\u00e9fl\u00e9chit<\/strong> ensemble et on <strong>nourrit les ateliers de sensibilisations<\/strong> !<\/p>\n\n\n\n<p class=\"has-text-align-center has-primary-color has-base-background-color has-text-color has-background\" style=\"padding-top:0;padding-right:var(--wp--preset--spacing--70);padding-left:var(--wp--preset--spacing--40)\">Tu veux nous rejoindre et tu as des questions ?<br> Ecris-nous \u00e0<strong> hello@balancetapepite.fr <\/strong>ou sur<strong> Instagram <a href=\"http:\/\/www.instagram.com\/balancetapepite\" target=\"_blank\" rel=\"noreferrer noopener\">@balancetapepite<\/a>   <\/strong><\/p>\n<\/div>\n<\/div>\n\n\n\n<div style=\"height:100px\" aria-hidden=\"true\" class=\"wp-block-spacer\"><\/div>\n\n\n\n<h2>s&rsquo;engager pour changer les choses<\/h2>\n\n\n\n<p>S&rsquo;engager dans l&rsquo;association f\u00e9ministe \u00ab\u00a0<strong>Balance ta p\u00e9pite<\/strong>\u00a0\u00bb c&rsquo;est&#8230;<\/p>\n\n\n\n<ul>\n<li>Participer au <strong>groupe de r\u00e9flexions <\/strong>qui a lieu 1 fois tous les mois sur <strong>Paris<\/strong><\/li>\n\n\n\n<li>Offrir un peu de ton <strong>temps<\/strong> et de tes <strong>comp\u00e9tences<\/strong> pour la cause f\u00e9ministe<\/li>\n\n\n\n<li><strong>Sensibiliser<\/strong> le plus grand nombre sur la question de la place de la femme dans la soci\u00e9t\u00e9 et des in\u00e9galit\u00e9s li\u00e9es aux genres<\/li>\n\n\n\n<li>Co-cr\u00e9er des <strong>ateliers de sensibilisation<\/strong> \u00e0 destination des \u00e9l\u00e8ves de maternelles, col\u00e9gien\u00b7nes, lyc\u00e9en\u00b7es et des entreprises<\/li>\n\n\n\n<li>Etre cr\u00e9atif et cr\u00e9ative pour <strong>faire bouger les choses<\/strong><\/li>\n<\/ul>\n\n\n\n<div style=\"height:51px\" aria-hidden=\"true\" class=\"wp-block-spacer\"><\/div>\n\n\n\n<h2 style=\"margin-bottom:0px\">Formulaire d&rsquo;adh\u00e9sion<\/h2>\n\n\n\n<div class=\"is-layout-flex wp-container-5 wp-block-columns alignwide\">\n<div class=\"is-layout-flow wp-block-column\">\n<iframe id=\"haWidget\" allowtransparency=\"true\" scrolling=\"auto\" src=\"https:\/\/www.helloasso.com\/associations\/balance-ta-pepite\/adhesions\/s-engager\/widget\" style=\"width: 100%; height: 750px; border: none;\"><\/iframe>\n<\/div>\n<\/div>\n\n\n\n<h2>s&rsquo;engager et Faire un don<\/h2>\n\n\n\n<p>Etre b\u00e9n\u00e9vole est impossible pour toi mais <strong>tu souhaite tout de m\u00eame nous aider<\/strong> ? Tu peux devenir <strong>m\u00e9c\u00e8ne<\/strong> ! Que tu sois une <strong>entreprise<\/strong> ou un\u00b7e <strong>particulier\u00b7e<\/strong>, tout est expliqu\u00e9 <a href=\"https:\/\/balancetapepite.fr\/?page_id=87\">sur cette page<\/a>.<\/p>\n\n\n\n<div style=\"height:35px\" aria-hidden=\"true\" class=\"wp-block-spacer\"><\/div>\n\n\n\n<h2>Fais grandir la communaut\u00e9 de p\u00e9pites<\/h2>\n\n\n\n<p class=\"has-text-align-left\">Si tu ne peux donner ni de ton temps, ni de l&rsquo;argent, tu peux surement <strong>nous suivre sur les r\u00e9seaux sociaux<\/strong> et faire grandir la communaut\u00e9 de p\u00e9pites. Plus on sera nombreux et nombreuses et plus on arrivera \u00e0 <strong>changer les choses<\/strong> ! <\/p>\n\n\n\n<div style=\"height:21px\" aria-hidden=\"true\" class=\"wp-block-spacer\"><\/div>\n\n\n\n<ul class=\"is-layout-flex wp-block-social-links aligncenter\"><li class=\"wp-social-link wp-social-link-tiktok wp-block-social-link\"><a href=\"https:\/\/www.tiktok.com\/@chanelmentie?lang=fr\"  class=\"wp-block-social-link-anchor\"><svg width=\"24\" height=\"24\" viewBox=\"0 0 32 32\" version=\"1.1\" xmlns=\"http:\/\/www.w3.org\/2000\/svg\" aria-hidden=\"true\" focusable=\"false\"><path d=\"M16.708 0.027c1.745-0.027 3.48-0.011 5.213-0.027 0.105 2.041 0.839 4.12 2.333 5.563 1.491 1.479 3.6 2.156 5.652 2.385v5.369c-1.923-0.063-3.855-0.463-5.6-1.291-0.76-0.344-1.468-0.787-2.161-1.24-0.009 3.896 0.016 7.787-0.025 11.667-0.104 1.864-0.719 3.719-1.803 5.255-1.744 2.557-4.771 4.224-7.88 4.276-1.907 0.109-3.812-0.411-5.437-1.369-2.693-1.588-4.588-4.495-4.864-7.615-0.032-0.667-0.043-1.333-0.016-1.984 0.24-2.537 1.495-4.964 3.443-6.615 2.208-1.923 5.301-2.839 8.197-2.297 0.027 1.975-0.052 3.948-0.052 5.923-1.323-0.428-2.869-0.308-4.025 0.495-0.844 0.547-1.485 1.385-1.819 2.333-0.276 0.676-0.197 1.427-0.181 2.145 0.317 2.188 2.421 4.027 4.667 3.828 1.489-0.016 2.916-0.88 3.692-2.145 0.251-0.443 0.532-0.896 0.547-1.417 0.131-2.385 0.079-4.76 0.095-7.145 0.011-5.375-0.016-10.735 0.025-16.093z\" \/><\/svg><span class=\"wp-block-social-link-label screen-reader-text\">TikTok<\/span><\/a><\/li>\n\n<li class=\"wp-social-link wp-social-link-instagram wp-block-social-link\"><a href=\"https:\/\/www.instagram.com\/balancetapepite\"  class=\"wp-block-social-link-anchor\"><svg width=\"24\" height=\"24\" viewBox=\"0 0 24 24\" version=\"1.1\" xmlns=\"http:\/\/www.w3.org\/2000\/svg\" aria-hidden=\"true\" focusable=\"false\"><path d=\"M12,4.622c2.403,0,2.688,0.009,3.637,0.052c0.877,0.04,1.354,0.187,1.671,0.31c0.42,0.163,0.72,0.358,1.035,0.673 c0.315,0.315,0.51,0.615,0.673,1.035c0.123,0.317,0.27,0.794,0.31,1.671c0.043,0.949,0.052,1.234,0.052,3.637 s-0.009,2.688-0.052,3.637c-0.04,0.877-0.187,1.354-0.31,1.671c-0.163,0.42-0.358,0.72-0.673,1.035 c-0.315,0.315-0.615,0.51-1.035,0.673c-0.317,0.123-0.794,0.27-1.671,0.31c-0.949,0.043-1.233,0.052-3.637,0.052 s-2.688-0.009-3.637-0.052c-0.877-0.04-1.354-0.187-1.671-0.31c-0.42-0.163-0.72-0.358-1.035-0.673 c-0.315-0.315-0.51-0.615-0.673-1.035c-0.123-0.317-0.27-0.794-0.31-1.671C4.631,14.688,4.622,14.403,4.622,12 s0.009-2.688,0.052-3.637c0.04-0.877,0.187-1.354,0.31-1.671c0.163-0.42,0.358-0.72,0.673-1.035 c0.315-0.315,0.615-0.51,1.035-0.673c0.317-0.123,0.794-0.27,1.671-0.31C9.312,4.631,9.597,4.622,12,4.622 M12,3 C9.556,3,9.249,3.01,8.289,3.054C7.331,3.098,6.677,3.25,6.105,3.472C5.513,3.702,5.011,4.01,4.511,4.511 c-0.5,0.5-0.808,1.002-1.038,1.594C3.25,6.677,3.098,7.331,3.054,8.289C3.01,9.249,3,9.556,3,12c0,2.444,0.01,2.751,0.054,3.711 c0.044,0.958,0.196,1.612,0.418,2.185c0.23,0.592,0.538,1.094,1.038,1.594c0.5,0.5,1.002,0.808,1.594,1.038 c0.572,0.222,1.227,0.375,2.185,0.418C9.249,20.99,9.556,21,12,21s2.751-0.01,3.711-0.054c0.958-0.044,1.612-0.196,2.185-0.418 c0.592-0.23,1.094-0.538,1.594-1.038c0.5-0.5,0.808-1.002,1.038-1.594c0.222-0.572,0.375-1.227,0.418-2.185 C20.99,14.751,21,14.444,21,12s-0.01-2.751-0.054-3.711c-0.044-0.958-0.196-1.612-0.418-2.185c-0.23-0.592-0.538-1.094-1.038-1.594 c-0.5-0.5-1.002-0.808-1.594-1.038c-0.572-0.222-1.227-0.375-2.185-0.418C14.751,3.01,14.444,3,12,3L12,3z M12,7.378 c-2.552,0-4.622,2.069-4.622,4.622S9.448,16.622,12,16.622s4.622-2.069,4.622-4.622S14.552,7.378,12,7.378z M12,15 c-1.657,0-3-1.343-3-3s1.343-3,3-3s3,1.343,3,3S13.657,15,12,15z M16.804,6.116c-0.596,0-1.08,0.484-1.08,1.08 s0.484,1.08,1.08,1.08c0.596,0,1.08-0.484,1.08-1.08S17.401,6.116,16.804,6.116z\"><\/path><\/svg><span class=\"wp-block-social-link-label screen-reader-text\">Instagram<\/span><\/a><\/li>\n\n<li class=\"wp-social-link wp-social-link-linkedin wp-block-social-link\"><a href=\"https:\/\/www.linkedin.com\/company\/balance-ta-pepite\/\"  class=\"wp-block-social-link-anchor\"><svg width=\"24\" height=\"24\" viewBox=\"0 0 24 24\" version=\"1.1\" xmlns=\"http:\/\/www.w3.org\/2000\/svg\" aria-hidden=\"true\" focusable=\"false\"><path d=\"M19.7,3H4.3C3.582,3,3,3.582,3,4.3v15.4C3,20.418,3.582,21,4.3,21h15.4c0.718,0,1.3-0.582,1.3-1.3V4.3 C21,3.582,20.418,3,19.7,3z M8.339,18.338H5.667v-8.59h2.672V18.338z M7.004,8.574c-0.857,0-1.549-0.694-1.549-1.548 c0-0.855,0.691-1.548,1.549-1.548c0.854,0,1.547,0.694,1.547,1.548C8.551,7.881,7.858,8.574,7.004,8.574z M18.339,18.338h-2.669 v-4.177c0-0.996-0.017-2.278-1.387-2.278c-1.389,0-1.601,1.086-1.601,2.206v4.249h-2.667v-8.59h2.559v1.174h0.037 c0.356-0.675,1.227-1.387,2.526-1.387c2.703,0,3.203,1.779,3.203,4.092V18.338z\"><\/path><\/svg><span class=\"wp-block-social-link-label screen-reader-text\">LinkedIn<\/span><\/a><\/li>\n\n<li class=\"wp-social-link wp-social-link-facebook wp-block-social-link\"><a href=\"https:\/\/www.facebook.com\/balancetapepite\"  class=\"wp-block-social-link-anchor\"><svg width=\"24\" height=\"24\" viewBox=\"0 0 24 24\" version=\"1.1\" xmlns=\"http:\/\/www.w3.org\/2000\/svg\" aria-hidden=\"true\" focusable=\"false\"><path d=\"M12 2C6.5 2 2 6.5 2 12c0 5 3.7 9.1 8.4 9.9v-7H7.9V12h2.5V9.8c0-2.5 1.5-3.9 3.8-3.9 1.1 0 2.2.2 2.2.2v2.5h-1.3c-1.2 0-1.6.8-1.6 1.6V12h2.8l-.4 2.9h-2.3v7C18.3 21.1 22 17 22 12c0-5.5-4.5-10-10-10z\"><\/path><\/svg><span class=\"wp-block-social-link-label screen-reader-text\">Facebook<\/span><\/a><\/li><\/ul>\n\n\n\n<p><\/p>\n","protected":false},"excerpt":{"rendered":"<p>S&rsquo;engager dans une association f\u00e9ministe Si veux t&rsquo;engager dans l&rsquo;association f\u00e9ministe \u00ab\u00a0Balance ta p\u00e9pite\u00a0\u00bb et participer aux actions de sensibilisation que nous menons sur Paris et en r\u00e9gion Parisienne, tu es au bon endroit ! A noter que l&rsquo;association est ouverte \u00e0 toutes et \u00e0 tous. Rejoins&nbsp;un groupe de r\u00e9flexion et de recherches&nbsp;sur la place [&hellip;]<\/p>\n","protected":false},"author":1,"featured_media":0,"parent":0,"menu_order":0,"comment_status":"closed","ping_status":"closed","template":"","meta":[],"yoast_head":"<!-- This site is optimized with the Yoast SEO plugin v19.13 - https:\/\/yoast.com\/wordpress\/plugins\/seo\/ -->\n<title>S&#039;engager dans une association f\u00e9ministe - Balance ta p\u00e9pite<\/title>\n<meta name=\"description\" content=\"s&#039;engager et adh\u00e9rer \u00e0 l&#039;association f\u00e9ministe &quot;alance ta p\u00e9pite&quot; qui m\u00e8ne des actions de sensibilisation en alliant f\u00e9minisme et pop culture\" \/>\n<meta name=\"robots\" content=\"index, follow, max-snippet:-1, max-image-preview:large, max-video-preview:-1\" \/>\n<link rel=\"canonical\" href=\"https:\/\/balancetapepite.fr\/?page_id=79\" \/>\n<meta property=\"og:locale\" content=\"fr_FR\" \/>\n<meta property=\"og:type\" content=\"article\" \/>\n<meta property=\"og:title\" content=\"S&#039;engager dans une association f\u00e9ministe - Balance ta p\u00e9pite\" \/>\n<meta property=\"og:description\" content=\"s&#039;engager et adh\u00e9rer \u00e0 l&#039;association f\u00e9ministe &quot;alance ta p\u00e9pite&quot; qui m\u00e8ne des actions de sensibilisation en alliant f\u00e9minisme et pop culture\" \/>\n<meta property=\"og:url\" content=\"https:\/\/balancetapepite.fr\/?page_id=79\" \/>\n<meta property=\"og:site_name\" content=\"Balance ta p\u00e9pite\" \/>\n<meta property=\"article:publisher\" content=\"https:\/\/www.facebook.com\/balancetapepite\" \/>\n<meta property=\"article:modified_time\" content=\"2023-01-04T13:29:45+00:00\" \/>\n<meta property=\"og:image\" content=\"https:\/\/balancetapepite.fr\/wp-content\/uploads\/2023\/01\/BENEVOLAT-4.jpg\" \/>\n<meta name=\"twitter:card\" content=\"summary_large_image\" \/>\n<meta name=\"twitter:label1\" content=\"Dur\u00e9e de lecture estim\u00e9e\" \/>\n\t<meta name=\"twitter:data1\" content=\"2 minutes\" \/>\n<script type=\"application\/ld+json\" class=\"yoast-schema-graph\">{\"@context\":\"https:\/\/schema.org\",\"@graph\":[{\"@type\":\"WebPage\",\"@id\":\"https:\/\/balancetapepite.fr\/?page_id=79\",\"url\":\"https:\/\/balancetapepite.fr\/?page_id=79\",\"name\":\"S'engager dans une association f\u00e9ministe - Balance ta p\u00e9pite\",\"isPartOf\":{\"@id\":\"https:\/\/balancetapepite.fr\/#website\"},\"datePublished\":\"2022-12-15T21:18:09+00:00\",\"dateModified\":\"2023-01-04T13:29:45+00:00\",\"description\":\"s'engager et adh\u00e9rer \u00e0 l'association f\u00e9ministe \\\"alance ta p\u00e9pite\\\" qui m\u00e8ne des actions de sensibilisation en alliant f\u00e9minisme et pop culture\",\"breadcrumb\":{\"@id\":\"https:\/\/balancetapepite.fr\/?page_id=79#breadcrumb\"},\"inLanguage\":\"fr-FR\",\"potentialAction\":[{\"@type\":\"ReadAction\",\"target\":[\"https:\/\/balancetapepite.fr\/?page_id=79\"]}]},{\"@type\":\"BreadcrumbList\",\"@id\":\"https:\/\/balancetapepite.fr\/?page_id=79#breadcrumb\",\"itemListElement\":[{\"@type\":\"ListItem\",\"position\":1,\"name\":\"Accueil\",\"item\":\"https:\/\/balancetapepite.fr\/\"},{\"@type\":\"ListItem\",\"position\":2,\"name\":\"S&rsquo;engager\"}]},{\"@type\":\"WebSite\",\"@id\":\"https:\/\/balancetapepite.fr\/#website\",\"url\":\"https:\/\/balancetapepite.fr\/\",\"name\":\"Balance ta p\u00e9pite\",\"description\":\"F\u00e9minisme et pop culture\",\"publisher\":{\"@id\":\"https:\/\/balancetapepite.fr\/#organization\"},\"potentialAction\":[{\"@type\":\"SearchAction\",\"target\":{\"@type\":\"EntryPoint\",\"urlTemplate\":\"https:\/\/balancetapepite.fr\/?s={search_term_string}\"},\"query-input\":\"required name=search_term_string\"}],\"inLanguage\":\"fr-FR\"},{\"@type\":\"Organization\",\"@id\":\"https:\/\/balancetapepite.fr\/#organization\",\"name\":\"Balance ta p\u00e9pite\",\"url\":\"https:\/\/balancetapepite.fr\/\",\"logo\":{\"@type\":\"ImageObject\",\"inLanguage\":\"fr-FR\",\"@id\":\"https:\/\/balancetapepite.fr\/#\/schema\/logo\/image\/\",\"url\":\"https:\/\/balancetapepite.fr\/wp-content\/uploads\/2022\/12\/logo-btp.jpg\",\"contentUrl\":\"https:\/\/balancetapepite.fr\/wp-content\/uploads\/2022\/12\/logo-btp.jpg\",\"width\":2816,\"height\":2048,\"caption\":\"Balance ta p\u00e9pite\"},\"image\":{\"@id\":\"https:\/\/balancetapepite.fr\/#\/schema\/logo\/image\/\"},\"sameAs\":[\"https:\/\/www.instagram.com\/balancetapepite\",\"https:\/\/www.linkedin.com\/company\/balance-ta-pepite\/\",\"https:\/\/www.facebook.com\/balancetapepite\"]}]}<\/script>\n<!-- \/ Yoast SEO plugin. -->","yoast_head_json":{"title":"S'engager dans une association f\u00e9ministe - Balance ta p\u00e9pite","description":"s'engager et adh\u00e9rer \u00e0 l'association f\u00e9ministe \"alance ta p\u00e9pite\" qui m\u00e8ne des actions de sensibilisation en alliant f\u00e9minisme et pop culture","robots":{"index":"index","follow":"follow","max-snippet":"max-snippet:-1","max-image-preview":"max-image-preview:large","max-video-preview":"max-video-preview:-1"},"canonical":"https:\/\/balancetapepite.fr\/?page_id=79","og_locale":"fr_FR","og_type":"article","og_title":"S'engager dans une association f\u00e9ministe - Balance ta p\u00e9pite","og_description":"s'engager et adh\u00e9rer \u00e0 l'association f\u00e9ministe \"alance ta p\u00e9pite\" qui m\u00e8ne des actions de sensibilisation en alliant f\u00e9minisme et pop culture","og_url":"https:\/\/balancetapepite.fr\/?page_id=79","og_site_name":"Balance ta p\u00e9pite","article_publisher":"https:\/\/www.facebook.com\/balancetapepite","article_modified_time":"2023-01-04T13:29:45+00:00","og_image":[{"url":"https:\/\/balancetapepite.fr\/wp-content\/uploads\/2023\/01\/BENEVOLAT-4.jpg"}],"twitter_card":"summary_large_image","twitter_misc":{"Dur\u00e9e de lecture estim\u00e9e":"2 minutes"},"schema":{"@context":"https:\/\/schema.org","@graph":[{"@type":"WebPage","@id":"https:\/\/balancetapepite.fr\/?page_id=79","url":"https:\/\/balancetapepite.fr\/?page_id=79","name":"S'engager dans une association f\u00e9ministe - Balance ta p\u00e9pite","isPartOf":{"@id":"https:\/\/balancetapepite.fr\/#website"},"datePublished":"2022-12-15T21:18:09+00:00","dateModified":"2023-01-04T13:29:45+00:00","description":"s'engager et adh\u00e9rer \u00e0 l'association f\u00e9ministe \"alance ta p\u00e9pite\" qui m\u00e8ne des actions de sensibilisation en alliant f\u00e9minisme et pop culture","breadcrumb":{"@id":"https:\/\/balancetapepite.fr\/?page_id=79#breadcrumb"},"inLanguage":"fr-FR","potentialAction":[{"@type":"ReadAction","target":["https:\/\/balancetapepite.fr\/?page_id=79"]}]},{"@type":"BreadcrumbList","@id":"https:\/\/balancetapepite.fr\/?page_id=79#breadcrumb","itemListElement":[{"@type":"ListItem","position":1,"name":"Accueil","item":"https:\/\/balancetapepite.fr\/"},{"@type":"ListItem","position":2,"name":"S&rsquo;engager"}]},{"@type":"WebSite","@id":"https:\/\/balancetapepite.fr\/#website","url":"https:\/\/balancetapepite.fr\/","name":"Balance ta p\u00e9pite","description":"F\u00e9minisme et pop culture","publisher":{"@id":"https:\/\/balancetapepite.fr\/#organization"},"potentialAction":[{"@type":"SearchAction","target":{"@type":"EntryPoint","urlTemplate":"https:\/\/balancetapepite.fr\/?s={search_term_string}"},"query-input":"required name=search_term_string"}],"inLanguage":"fr-FR"},{"@type":"Organization","@id":"https:\/\/balancetapepite.fr\/#organization","name":"Balance ta p\u00e9pite","url":"https:\/\/balancetapepite.fr\/","logo":{"@type":"ImageObject","inLanguage":"fr-FR","@id":"https:\/\/balancetapepite.fr\/#\/schema\/logo\/image\/","url":"https:\/\/balancetapepite.fr\/wp-content\/uploads\/2022\/12\/logo-btp.jpg","contentUrl":"https:\/\/balancetapepite.fr\/wp-content\/uploads\/2022\/12\/logo-btp.jpg","width":2816,"height":2048,"caption":"Balance ta p\u00e9pite"},"image":{"@id":"https:\/\/balancetapepite.fr\/#\/schema\/logo\/image\/"},"sameAs":["https:\/\/www.instagram.com\/balancetapepite","https:\/\/www.linkedin.com\/company\/balance-ta-pepite\/","https:\/\/www.facebook.com\/balancetapepite"]}]}},"_links":{"self":[{"href":"https:\/\/balancetapepite.fr\/index.php?rest_route=\/wp\/v2\/pages\/79"}],"collection":[{"href":"https:\/\/balancetapepite.fr\/index.php?rest_route=\/wp\/v2\/pages"}],"about":[{"href":"https:\/\/balancetapepite.fr\/index.php?rest_route=\/wp\/v2\/types\/page"}],"author":[{"embeddable":true,"href":"https:\/\/balancetapepite.fr\/index.php?rest_route=\/wp\/v2\/users\/1"}],"replies":[{"embeddable":true,"href":"https:\/\/balancetapepite.fr\/index.php?rest_route=%2Fwp%2Fv2%2Fcomments&post=79"}],"version-history":[{"count":74,"href":"https:\/\/balancetapepite.fr\/index.php?rest_route=\/wp\/v2\/pages\/79\/revisions"}],"predecessor-version":[{"id":841,"href":"https:\/\/balancetapepite.fr\/index.php?rest_route=\/wp\/v2\/pages\/79\/revisions\/841"}],"wp:attachment":[{"href":"https:\/\/balancetapepite.fr\/index.php?rest_route=%2Fwp%2Fv2%2Fmedia&parent=79"}],"curies":[{"name":"wp","href":"https:\/\/api.w.org\/{rel}","templated":true}]}}