{"id":81,"date":"2022-12-15T21:18:22","date_gmt":"2022-12-15T21:18:22","guid":{"rendered":"https:\/\/balancetapepite.fr\/?page_id=81"},"modified":"2024-11-29T14:07:44","modified_gmt":"2024-11-29T14:07:44","slug":"sensibilisation","status":"publish","type":"page","link":"https:\/\/balancetapepite.fr\/?page_id=81","title":{"rendered":"Nos actions"},"content":{"rendered":"\n<figure class=\"wp-block-image alignfull size-full has-custom-border\"><img decoding=\"async\" loading=\"lazy\" width=\"3800\" height=\"1447\" src=\"https:\/\/balancetapepite.fr\/wp-content\/uploads\/2023\/01\/BENEVOLAT-6.jpg\" alt=\"\" class=\"wp-image-728\" style=\"border-bottom-left-radius:40px;border-bottom-right-radius:40px\"\/><\/figure>\n\n\n\n<div class=\"is-layout-flex wp-container-2 wp-block-columns alignfull\">\n<div class=\"is-layout-flow wp-block-column\">\n<h2>nOS ACTIONS<\/h2>\n\n\n\n<p>Nous menons plusieurs <strong>actions de sensibilisation<\/strong> sur des probl\u00e9matiques f\u00e9ministes comme la charge mentale, les st\u00e9r\u00e9otypes, le consentement&#8230; Les interventions sont <strong>adapt\u00e9es \u00e0 nos publics<\/strong>. Voici les diff\u00e9rents projets que nous d\u00e9ployons sur le territoire.<\/p>\n<\/div>\n<\/div>\n\n\n\n<div class=\"is-layout-flex wp-container-6 wp-block-columns alignfull\">\n<div class=\"is-layout-flow wp-block-column\" style=\"--col-width:66.66%;flex-basis:66.66%\">\n<h3>lecture de contes f\u00e9ministes et inclusifs<\/h3>\n\n\n\n<p>Action \u00e0 destination des les enfants de <strong>3 \u00e0 8 ans<\/strong> <em>(\u00e9cole maternelle)<\/em>. Gr\u00e2ce \u00e0 cet outils explore la charge mentale, les st\u00e9r\u00e9otypes, la confiance en soi, le respect&#8230; A l&rsquo;issu des lectures, <strong>un temps de r\u00e9flexion<\/strong> est pris avec les enfants. Un <strong>support p\u00e9dagogique<\/strong> est propos\u00e9 aux enseignant\u00b7es pour <strong>approfondir le sujet<\/strong> en classe au cours de l&rsquo;ann\u00e9e.<\/p>\n\n\n\n<p><strong>Partenaires :<\/strong> <a href=\"http:\/\/www.talentshauts.fr\" target=\"_blank\" rel=\"noreferrer noopener\">Talents Hauts<\/a> et <a href=\"https:\/\/www.lavillebrule.com\" target=\"_blank\" rel=\"noreferrer noopener\">La Ville Br\u00fble<\/a><\/p>\n\n\n\n<p><strong>Ils nous ont fait confiance :<\/strong> Parents&amp;F\u00e9ministes, Elle&rsquo;s Imagine&rsquo;nt, Centre Paris Anim&rsquo; Mathis, Ecole maternelle Rostropovitch, Centre Paris Anim&rsquo; R\u00e9beval, Ecole maternelle de la Cit\u00e9 des Fleurs&#8230; <\/p>\n\n\n\n<div class=\"is-content-justification-center is-layout-flex wp-container-3 wp-block-buttons\">\n<div class=\"wp-block-button\"><a class=\"wp-block-button__link wp-element-button\" href=\"mailto:hello@balancetapepite.fr\" style=\"border-radius:30px;padding-top:6px;padding-right:24px;padding-bottom:6px;padding-left:24px\" target=\"_blank\" rel=\"noreferrer noopener\">Je veux une intervention<\/a><\/div>\n<\/div>\n<\/div>\n\n\n\n<div class=\"is-layout-flow wp-block-column\" style=\"--col-width:33.33%;flex-basis:33.33%\">\n<figure class=\"wp-block-image size-full is-resized\"><img decoding=\"async\" loading=\"lazy\" src=\"https:\/\/balancetapepite.fr\/wp-content\/uploads\/2023\/01\/Illustration_sans_titre-49-1.jpg\" alt=\"sensibilisation lecture de contes inclusifs\" class=\"wp-image-730\" width=\"312\" height=\"312\"\/><\/figure>\n<\/div>\n<\/div>\n\n\n\n<div style=\"height:100px\" aria-hidden=\"true\" class=\"wp-block-spacer\"><\/div>\n\n\n\n<div class=\"is-layout-flex wp-container-9 wp-block-columns alignfull\">\n<div class=\"is-layout-flow wp-block-column\" style=\"--col-width:33.33%;flex-basis:33.33%\">\n<figure class=\"wp-block-image size-full\"><img decoding=\"async\" loading=\"lazy\" width=\"2048\" height=\"2048\" src=\"https:\/\/balancetapepite.fr\/wp-content\/uploads\/2023\/01\/Balancetapepite_pilote-2.jpg\" alt=\"\" class=\"wp-image-753\"\/><\/figure>\n<\/div>\n\n\n\n<div class=\"is-layout-flow wp-block-column\" style=\"--col-width:66.66%;flex-basis:66.66%\">\n<h3>VID\u00c9OS DE SENSIBILISATION<\/h3>\n\n\n\n<p>Nous travaillons avec la cr\u00e9atrice de contenus Chanel Mentie pour la cr\u00e9ations de vid\u00e9os de sensibilisations sur ses r\u00e9seaux sociaux (<a href=\"https:\/\/www.tiktok.com\/@chanelmentie?lang=fr\" target=\"_blank\" rel=\"noreferrer noopener\">TikTok<\/a> &amp; <a href=\"https:\/\/www.youtube.com\/@chanelmentie\" target=\"_blank\" rel=\"noreferrer noopener\">Youtube<\/a>). Nous produisons \u00e9galement des contenus \u00e9ducatifs sur <a href=\"https:\/\/www.instagram.com\/balancetapepite\/\" target=\"_blank\" rel=\"noreferrer noopener\">notre compte Instagram<\/a>.<\/p>\n\n\n\n<p><strong>Partenaire :<\/strong> Les Petits Poings<\/p>\n<\/div>\n<\/div>\n\n\n\n<div style=\"height:100px\" aria-hidden=\"true\" class=\"wp-block-spacer\"><\/div>\n\n\n\n<div class=\"is-layout-flex wp-container-12 wp-block-columns alignfull\">\n<div class=\"is-layout-flow wp-block-column\" style=\"--col-width:66.66%;flex-basis:66.66%\">\n<h3>Ateliers de sensibilisation en entreprise<\/h3>\n\n\n\n<p>Nous proposons des <strong>ateliers de sensibilisation<\/strong> en <strong>entreprises<\/strong> sous la forme d&rsquo;un <strong>jeu de r\u00f4le<\/strong>. L&rsquo;id\u00e9e est de <strong>d\u00e9construire les agissements sexistes<\/strong> comme le <a href=\"https:\/\/open.spotify.com\/episode\/25VLW4DQdt7ahYZtYV5rvn?si=7mesg-QZSGq4bYkAwySW3Q\" target=\"_blank\" rel=\"noreferrer noopener\">mansplaining<\/a>, le manterrupting ou bien le <a href=\"https:\/\/open.spotify.com\/episode\/2OY40xtytJIZT7SSS4W4wH?si=bmLV0tyCSjyTeNrqAUBgzA\" target=\"_blank\" rel=\"noreferrer noopener\">harc\u00e8lement sexuel<\/a>.<\/p>\n\n\n\n<p><em>Ce projet est en cours de d\u00e9veloppement.<\/em><\/p>\n<\/div>\n\n\n\n<div class=\"is-layout-flow wp-block-column\" style=\"--col-width:33.33%;flex-basis:33.33%\">\n<figure class=\"wp-block-image size-full is-resized\"><img decoding=\"async\" loading=\"lazy\" src=\"https:\/\/balancetapepite.fr\/wp-content\/uploads\/2023\/01\/Illustration_sans_titre-48-1.jpg\" alt=\"sensibilisation\" class=\"wp-image-731\" width=\"312\" height=\"288\"\/><\/figure>\n<\/div>\n<\/div>\n\n\n\n<div style=\"height:100px\" aria-hidden=\"true\" class=\"wp-block-spacer\"><\/div>\n\n\n\n<div class=\"is-layout-flex wp-container-15 wp-block-columns alignfull\">\n<div class=\"is-layout-flow wp-block-column\" style=\"--col-width:33.33%;flex-basis:33.33%\">\n<figure class=\"wp-block-image size-full is-resized\"><img decoding=\"async\" loading=\"lazy\" src=\"https:\/\/balancetapepite.fr\/wp-content\/uploads\/2023\/01\/Illustration_sans_titre-50-1.jpg\" alt=\"sensibilisation cit\u00e9 audacieuse studio la poudre\" class=\"wp-image-732\" width=\"312\" height=\"312\"\/><\/figure>\n<\/div>\n\n\n\n<div class=\"is-layout-flow wp-block-column\" style=\"--col-width:66.66%;flex-basis:66.66%\">\n<h3>\u00e9missions de podcast<\/h3>\n\n\n\n<p>Nous d\u00e9veloppons <strong>deux \u00e9missions<\/strong> de podcast <a href=\"https:\/\/open.spotify.com\/show\/26rdjCpBMvTScDQys0AmhM?si=2bb92c4e48ad4051\" target=\"_blank\" rel=\"noreferrer noopener\">Balance ta p\u00e9pite<\/a> et <a href=\"https:\/\/open.spotify.com\/show\/1I3mdvCUCnpS6a1j1LlUWB?si=303c6cb14a174e12\" target=\"_blank\" rel=\"noreferrer noopener\">Balance ton mot<\/a>. Ces deux formats permettent de <strong>sensibiliser de plus grand nombre<\/strong> sur la place de la femme dans la soci\u00e9t\u00e9. <\/p>\n\n\n\n<p>Balance ton mot a \u00e9t\u00e9 \u00e9lu <strong>coup de coeur ApplePodcast<\/strong> en septembre 2022<\/p>\n\n\n\n<p>Cr\u00e9dits :<br>Pr\u00e9sent\u00e9 par <a href=\"http:\/\/www.instagram.com\/chanelmentie\" target=\"_blank\" rel=\"noreferrer noopener\">Chanel Mentie<\/a><br>Produit par <a href=\"http:\/\/www.lespetitspoings.fr\" target=\"_blank\" rel=\"noreferrer noopener\">Les Petits Poings prod<\/a><br>Studio <a href=\"https:\/\/www.instagram.com\/lapoudretv\/\" target=\"_blank\" rel=\"noreferrer noopener\">LaPoudre<\/a> \u00e0 la <a href=\"https:\/\/citeaudacieuse.fr\" target=\"_blank\" rel=\"noreferrer noopener\">Cit\u00e9 Audacieuse<\/a><\/p>\n<\/div>\n<\/div>\n\n\n\n<div style=\"height:100px\" aria-hidden=\"true\" class=\"wp-block-spacer\"><\/div>\n\n\n\n<div class=\"is-layout-flex wp-container-19 wp-block-columns alignfull\">\n<div class=\"is-layout-flow wp-block-column\" style=\"--col-width:66.66%;flex-basis:66.66%\">\n<h3>Conf\u00e9rences, tables rondes et rencontres<\/h3>\n\n\n\n<p>Vous organisez un <strong>\u00e9v\u00e8nement<\/strong> ou un <strong>projet<\/strong> de <strong>sensibilisation<\/strong> sur la place de la femme dans la soci\u00e9t\u00e9 et la pop culture ? <strong>Nos expert\u00b7es<\/strong> seront ravies d&rsquo;intervenir.<\/p>\n\n\n\n<div style=\"height:44px\" aria-hidden=\"true\" class=\"wp-block-spacer\"><\/div>\n\n\n\n<div class=\"is-content-justification-center is-layout-flex wp-container-16 wp-block-buttons\">\n<div class=\"wp-block-button\"><a class=\"wp-block-button__link wp-element-button\" href=\"mailto:hello@balancetapepite.fr\" style=\"border-radius:30px;padding-top:6px;padding-right:24px;padding-bottom:6px;padding-left:24px\" target=\"_blank\" rel=\"noreferrer noopener\">Je veux Un\u00b7e expert\u00b7es<\/a><\/div>\n<\/div>\n<\/div>\n\n\n\n<div class=\"is-layout-flow wp-block-column\" style=\"--col-width:33.33%;flex-basis:33.33%\">\n<figure class=\"wp-block-image size-full is-resized\"><img decoding=\"async\" loading=\"lazy\" src=\"https:\/\/balancetapepite.fr\/wp-content\/uploads\/2023\/01\/Illustration_sans_titre-51.jpg\" alt=\"sensibilisation Pari Anim Mathis\" class=\"wp-image-745\" width=\"312\" height=\"312\"\/><\/figure>\n<\/div>\n<\/div>\n","protected":false},"excerpt":{"rendered":"<p>nOS ACTIONS Nous menons plusieurs actions de sensibilisation sur des probl\u00e9matiques f\u00e9ministes comme la charge mentale, les st\u00e9r\u00e9otypes, le consentement&#8230; Les interventions sont adapt\u00e9es \u00e0 nos publics. Voici les diff\u00e9rents projets que nous d\u00e9ployons sur le territoire. lecture de contes f\u00e9ministes et inclusifs Action \u00e0 destination des les enfants de 3 \u00e0 8 ans (\u00e9cole [&hellip;]<\/p>\n","protected":false},"author":1,"featured_media":0,"parent":0,"menu_order":0,"comment_status":"closed","ping_status":"closed","template":"","meta":[],"yoast_head":"<!-- This site is optimized with the Yoast SEO plugin v19.13 - https:\/\/yoast.com\/wordpress\/plugins\/seo\/ -->\n<title>Nos actions de sensibilisation - Balance ta p\u00e9pite<\/title>\n<meta name=\"description\" content=\"Nous proposons plusieurs actions de sensibilisation pour diff\u00e9rents publics : maternelles, coll\u00e8ges, lyc\u00e9es, entreprises...\" \/>\n<meta name=\"robots\" content=\"index, follow, max-snippet:-1, max-image-preview:large, max-video-preview:-1\" \/>\n<link rel=\"canonical\" href=\"https:\/\/balancetapepite.fr\/?page_id=81\" \/>\n<meta property=\"og:locale\" content=\"fr_FR\" \/>\n<meta property=\"og:type\" content=\"article\" \/>\n<meta property=\"og:title\" content=\"Nos actions de sensibilisation - Balance ta p\u00e9pite\" \/>\n<meta property=\"og:description\" content=\"Nous proposons plusieurs actions de sensibilisation pour diff\u00e9rents publics : maternelles, coll\u00e8ges, lyc\u00e9es, entreprises...\" \/>\n<meta property=\"og:url\" content=\"https:\/\/balancetapepite.fr\/?page_id=81\" \/>\n<meta property=\"og:site_name\" content=\"Balance ta p\u00e9pite\" \/>\n<meta property=\"article:publisher\" content=\"https:\/\/www.facebook.com\/balancetapepite\" \/>\n<meta property=\"article:modified_time\" content=\"2024-11-29T14:07:44+00:00\" \/>\n<meta property=\"og:image\" content=\"https:\/\/balancetapepite.fr\/wp-content\/uploads\/2023\/01\/BENEVOLAT-6.jpg\" \/>\n<meta name=\"twitter:card\" content=\"summary_large_image\" \/>\n<meta name=\"twitter:label1\" content=\"Dur\u00e9e de lecture estim\u00e9e\" \/>\n\t<meta name=\"twitter:data1\" content=\"3 minutes\" \/>\n<script type=\"application\/ld+json\" class=\"yoast-schema-graph\">{\"@context\":\"https:\/\/schema.org\",\"@graph\":[{\"@type\":\"WebPage\",\"@id\":\"https:\/\/balancetapepite.fr\/?page_id=81\",\"url\":\"https:\/\/balancetapepite.fr\/?page_id=81\",\"name\":\"Nos actions de sensibilisation - Balance ta p\u00e9pite\",\"isPartOf\":{\"@id\":\"https:\/\/balancetapepite.fr\/#website\"},\"datePublished\":\"2022-12-15T21:18:22+00:00\",\"dateModified\":\"2024-11-29T14:07:44+00:00\",\"description\":\"Nous proposons plusieurs actions de sensibilisation pour diff\u00e9rents publics : maternelles, coll\u00e8ges, lyc\u00e9es, entreprises...\",\"breadcrumb\":{\"@id\":\"https:\/\/balancetapepite.fr\/?page_id=81#breadcrumb\"},\"inLanguage\":\"fr-FR\",\"potentialAction\":[{\"@type\":\"ReadAction\",\"target\":[\"https:\/\/balancetapepite.fr\/?page_id=81\"]}]},{\"@type\":\"BreadcrumbList\",\"@id\":\"https:\/\/balancetapepite.fr\/?page_id=81#breadcrumb\",\"itemListElement\":[{\"@type\":\"ListItem\",\"position\":1,\"name\":\"Accueil\",\"item\":\"https:\/\/balancetapepite.fr\/\"},{\"@type\":\"ListItem\",\"position\":2,\"name\":\"Nos actions\"}]},{\"@type\":\"WebSite\",\"@id\":\"https:\/\/balancetapepite.fr\/#website\",\"url\":\"https:\/\/balancetapepite.fr\/\",\"name\":\"Balance ta p\u00e9pite\",\"description\":\"F\u00e9minisme et pop culture\",\"publisher\":{\"@id\":\"https:\/\/balancetapepite.fr\/#organization\"},\"potentialAction\":[{\"@type\":\"SearchAction\",\"target\":{\"@type\":\"EntryPoint\",\"urlTemplate\":\"https:\/\/balancetapepite.fr\/?s={search_term_string}\"},\"query-input\":\"required name=search_term_string\"}],\"inLanguage\":\"fr-FR\"},{\"@type\":\"Organization\",\"@id\":\"https:\/\/balancetapepite.fr\/#organization\",\"name\":\"Balance ta p\u00e9pite\",\"url\":\"https:\/\/balancetapepite.fr\/\",\"logo\":{\"@type\":\"ImageObject\",\"inLanguage\":\"fr-FR\",\"@id\":\"https:\/\/balancetapepite.fr\/#\/schema\/logo\/image\/\",\"url\":\"https:\/\/balancetapepite.fr\/wp-content\/uploads\/2022\/12\/logo-btp.jpg\",\"contentUrl\":\"https:\/\/balancetapepite.fr\/wp-content\/uploads\/2022\/12\/logo-btp.jpg\",\"width\":2816,\"height\":2048,\"caption\":\"Balance ta p\u00e9pite\"},\"image\":{\"@id\":\"https:\/\/balancetapepite.fr\/#\/schema\/logo\/image\/\"},\"sameAs\":[\"https:\/\/www.instagram.com\/balancetapepite\",\"https:\/\/www.linkedin.com\/company\/balance-ta-pepite\/\",\"https:\/\/www.facebook.com\/balancetapepite\"]}]}<\/script>\n<!-- \/ Yoast SEO plugin. -->","yoast_head_json":{"title":"Nos actions de sensibilisation - Balance ta p\u00e9pite","description":"Nous proposons plusieurs actions de sensibilisation pour diff\u00e9rents publics : maternelles, coll\u00e8ges, lyc\u00e9es, entreprises...","robots":{"index":"index","follow":"follow","max-snippet":"max-snippet:-1","max-image-preview":"max-image-preview:large","max-video-preview":"max-video-preview:-1"},"canonical":"https:\/\/balancetapepite.fr\/?page_id=81","og_locale":"fr_FR","og_type":"article","og_title":"Nos actions de sensibilisation - Balance ta p\u00e9pite","og_description":"Nous proposons plusieurs actions de sensibilisation pour diff\u00e9rents publics : maternelles, coll\u00e8ges, lyc\u00e9es, entreprises...","og_url":"https:\/\/balancetapepite.fr\/?page_id=81","og_site_name":"Balance ta p\u00e9pite","article_publisher":"https:\/\/www.facebook.com\/balancetapepite","article_modified_time":"2024-11-29T14:07:44+00:00","og_image":[{"url":"https:\/\/balancetapepite.fr\/wp-content\/uploads\/2023\/01\/BENEVOLAT-6.jpg"}],"twitter_card":"summary_large_image","twitter_misc":{"Dur\u00e9e de lecture estim\u00e9e":"3 minutes"},"schema":{"@context":"https:\/\/schema.org","@graph":[{"@type":"WebPage","@id":"https:\/\/balancetapepite.fr\/?page_id=81","url":"https:\/\/balancetapepite.fr\/?page_id=81","name":"Nos actions de sensibilisation - Balance ta p\u00e9pite","isPartOf":{"@id":"https:\/\/balancetapepite.fr\/#website"},"datePublished":"2022-12-15T21:18:22+00:00","dateModified":"2024-11-29T14:07:44+00:00","description":"Nous proposons plusieurs actions de sensibilisation pour diff\u00e9rents publics : maternelles, coll\u00e8ges, lyc\u00e9es, entreprises...","breadcrumb":{"@id":"https:\/\/balancetapepite.fr\/?page_id=81#breadcrumb"},"inLanguage":"fr-FR","potentialAction":[{"@type":"ReadAction","target":["https:\/\/balancetapepite.fr\/?page_id=81"]}]},{"@type":"BreadcrumbList","@id":"https:\/\/balancetapepite.fr\/?page_id=81#breadcrumb","itemListElement":[{"@type":"ListItem","position":1,"name":"Accueil","item":"https:\/\/balancetapepite.fr\/"},{"@type":"ListItem","position":2,"name":"Nos actions"}]},{"@type":"WebSite","@id":"https:\/\/balancetapepite.fr\/#website","url":"https:\/\/balancetapepite.fr\/","name":"Balance ta p\u00e9pite","description":"F\u00e9minisme et pop culture","publisher":{"@id":"https:\/\/balancetapepite.fr\/#organization"},"potentialAction":[{"@type":"SearchAction","target":{"@type":"EntryPoint","urlTemplate":"https:\/\/balancetapepite.fr\/?s={search_term_string}"},"query-input":"required name=search_term_string"}],"inLanguage":"fr-FR"},{"@type":"Organization","@id":"https:\/\/balancetapepite.fr\/#organization","name":"Balance ta p\u00e9pite","url":"https:\/\/balancetapepite.fr\/","logo":{"@type":"ImageObject","inLanguage":"fr-FR","@id":"https:\/\/balancetapepite.fr\/#\/schema\/logo\/image\/","url":"https:\/\/balancetapepite.fr\/wp-content\/uploads\/2022\/12\/logo-btp.jpg","contentUrl":"https:\/\/balancetapepite.fr\/wp-content\/uploads\/2022\/12\/logo-btp.jpg","width":2816,"height":2048,"caption":"Balance ta p\u00e9pite"},"image":{"@id":"https:\/\/balancetapepite.fr\/#\/schema\/logo\/image\/"},"sameAs":["https:\/\/www.instagram.com\/balancetapepite","https:\/\/www.linkedin.com\/company\/balance-ta-pepite\/","https:\/\/www.facebook.com\/balancetapepite"]}]}},"_links":{"self":[{"href":"https:\/\/balancetapepite.fr\/index.php?rest_route=\/wp\/v2\/pages\/81"}],"collection":[{"href":"https:\/\/balancetapepite.fr\/index.php?rest_route=\/wp\/v2\/pages"}],"about":[{"href":"https:\/\/balancetapepite.fr\/index.php?rest_route=\/wp\/v2\/types\/page"}],"author":[{"embeddable":true,"href":"https:\/\/balancetapepite.fr\/index.php?rest_route=\/wp\/v2\/users\/1"}],"replies":[{"embeddable":true,"href":"https:\/\/balancetapepite.fr\/index.php?rest_route=%2Fwp%2Fv2%2Fcomments&post=81"}],"version-history":[{"count":46,"href":"https:\/\/balancetapepite.fr\/index.php?rest_route=\/wp\/v2\/pages\/81\/revisions"}],"predecessor-version":[{"id":1208,"href":"https:\/\/balancetapepite.fr\/index.php?rest_route=\/wp\/v2\/pages\/81\/revisions\/1208"}],"wp:attachment":[{"href":"https:\/\/balancetapepite.fr\/index.php?rest_route=%2Fwp%2Fv2%2Fmedia&parent=81"}],"curies":[{"name":"wp","href":"https:\/\/api.w.org\/{rel}","templated":true}]}}