{"id":87,"date":"2022-12-15T21:20:20","date_gmt":"2022-12-15T21:20:20","guid":{"rendered":"https:\/\/balancetapepite.fr\/?page_id=87"},"modified":"2023-02-16T14:31:25","modified_gmt":"2023-02-16T14:31:25","slug":"mecenat-feminisme","status":"publish","type":"page","link":"https:\/\/balancetapepite.fr\/?page_id=87","title":{"rendered":"M\u00e9c\u00e9nat"},"content":{"rendered":"\n<figure class=\"wp-block-image alignfull size-full has-custom-border\"><img decoding=\"async\" loading=\"lazy\" width=\"3800\" height=\"1447\" src=\"https:\/\/balancetapepite.fr\/wp-content\/uploads\/2023\/01\/BENEVOLAT-2.jpg\" alt=\"f\u00e9minisme balance ta p\u00e9pite\" class=\"wp-image-715\" style=\"border-bottom-left-radius:40px;border-bottom-right-radius:40px\"\/><\/figure>\n\n\n\n<div style=\"height:43px\" aria-hidden=\"true\" class=\"wp-block-spacer\"><\/div>\n\n\n\n<h2>le f\u00e9minisme comme outils<\/h2>\n\n\n\n<p style=\"padding-right:0\">Le f\u00e9minisme concerne tout le monde. Si aujourd&rsquo;hui les femmes sont <strong>sous-repr\u00e9sent\u00e9es<\/strong> dans l&rsquo;espace public, nous en payons toustes le prix.<\/p>\n\n\n\n<div style=\"height:29px\" aria-hidden=\"true\" class=\"wp-block-spacer\"><\/div>\n\n\n\n<p class=\"has-text-align-center\"><strong>4%&nbsp;<\/strong>c&rsquo;est la part de rues qui portent le nom d&rsquo;une femme en France.<br><strong>5%&nbsp;<\/strong>c&rsquo;est la part de femmes expertes invit\u00e9es dans les m\u00e9dias lors de la crise sanitaire<br><strong>16%&nbsp;<\/strong>c&rsquo;est la part de femmes protagonistes dans les films<\/p>\n\n\n\n<div style=\"height:29px\" aria-hidden=\"true\" class=\"wp-block-spacer\"><\/div>\n\n\n\n<p>Ce manque influence notre soci\u00e9t\u00e9, permet \u00e0 <a href=\"https:\/\/open.spotify.com\/episode\/6yZO56poMJ2cwXiDr4TpTt?si=aBS8gvRXS4Wtpx-JpWYdUA\" target=\"_blank\" rel=\"noreferrer noopener\">la culture du viol<\/a> d&rsquo;exister. Il faut alors <strong>sensibiliser<\/strong>, avec p\u00e9dagogie et bienveillance, pour encourager notre soci\u00e9t\u00e9 \u00e0 <strong>\u00e9couter<\/strong> les femmes. Les <strong>respecter<\/strong>. <em>Balance ta p\u00e9pite<\/em> prend ce r\u00f4le, celui de <strong>d\u00e9construire<\/strong> les fausses croyances. On sensibilise \u00e0 la <a href=\"https:\/\/open.spotify.com\/episode\/6n3aZdxF1NaabEOMpcRbgz?si=U2kNhjVkTcOdjRnnjYY1gg\" target=\"_blank\" rel=\"noreferrer noopener\">charge mentale<\/a>, au <a href=\"https:\/\/open.spotify.com\/episode\/5UB5V2v8r6giBn6MOs9bF9?si=pyw70puxTPu1OsrkNogg9A\" target=\"_blank\" rel=\"noreferrer noopener\">consentement<\/a>, d\u00e9cortique les <a href=\"https:\/\/open.spotify.com\/episode\/7EdcHqGKee5KlGzY4dpyBO?si=dmxT_8gxQtiucWxUHROMlw\" target=\"_blank\" rel=\"noreferrer noopener\">st\u00e9r\u00e9otypes<\/a>. On donne la parole \u00e0 des femmes, expertes dans leur domaine. Un travail de fond, en partenariat avec les associations d\u00e9j\u00e0 pr\u00e9sentes sur le terrain, pour <strong>changer les choses<\/strong>. Faire <strong>un don <\/strong>\u00e0 l&rsquo;association <em>Balance ta p\u00e9pite<\/em> c&rsquo;est <strong>prendre part au changement<\/strong>. <\/p>\n\n\n\n<div class=\"is-layout-flex wp-container-3 wp-block-columns alignfull has-text-align-center\">\n<div class=\"is-layout-flow wp-block-column\">\n<div class=\"is-content-justification-center is-layout-flex wp-container-1 wp-block-buttons\">\n<div class=\"wp-block-button\"><a class=\"wp-block-button__link has-tertiary-color has-text-color wp-element-button\" href=\"https:\/\/www.helloasso.com\/associations\/balance-ta-pepite\/formulaires\/2\/widget\" style=\"border-radius:30px;padding-top:7px;padding-right:21px;padding-bottom:7px;padding-left:21px\" target=\"_blank\" rel=\"noreferrer noopener\">Faire un don pour changer les choses<\/a><\/div>\n<\/div>\n<\/div>\n<\/div>\n\n\n\n<h2>Nos actions f\u00e9ministes<\/h2>\n\n\n\n<p>Faire un don ponctuel ou mensuel \u00e0 <em>Balance ta p\u00e9pite<\/em> c&rsquo;est permettre \u00e0 un certain nombres d&rsquo;actions d&rsquo;exister :<\/p>\n\n\n\n<ul>\n<li>D\u00e9veloppement de nos <strong>deux \u00e9missions de podcast<\/strong> <em><a href=\"https:\/\/open.spotify.com\/show\/26rdjCpBMvTScDQys0AmhM?si=1c5e642856394ba7\" target=\"_blank\" rel=\"noreferrer noopener\">Balance ta p\u00e9pite<\/a><\/em> et <em><a href=\"https:\/\/open.spotify.com\/show\/1I3mdvCUCnpS6a1j1LlUWB?si=ea7cc457a27d4d53\" target=\"_blank\" rel=\"noreferrer noopener\">Balance ton mot<\/a><\/em><\/li>\n\n\n\n<li><strong>Lectures de contes<\/strong> f\u00e9ministes et inclusifs aux enfants de 2 \u00e0 4 ans <\/li>\n\n\n\n<li><strong>Ateliers de sensibilisations <\/strong>qui allie f\u00e9minisme et pop culture pour les <strong>coll\u00e9gien\u00b7nes et les lyc\u00e9en\u00b7nes<\/strong><\/li>\n\n\n\n<li><strong>Atelier de sensibilisation<\/strong> p\u00e9dagogique et ludique <strong>en entreprises<\/strong><\/li>\n\n\n\n<li>R\u00e9alisation de <strong>contenus p\u00e9dagogiques<\/strong> \u00e0 destination des r\u00e9seaux sociaux<\/li>\n<\/ul>\n\n\n\n<h2>Deduction fiscale<\/h2>\n\n\n\n<p class=\"has-text-align-left\">L&rsquo;association Balance ta p\u00e9pite a \u00e9t\u00e9 reconnue comme \u00e9tant d&rsquo;<strong>inter\u00eat g\u00e9n\u00e9ral <\/strong>par la direction g\u00e9n\u00e9rale des finances publiques. Chaque dons est donc <strong>d\u00e9ductible des imp\u00f4ts<\/strong> \u00e0 hauteur de 66% pour les particuliers et 60% pour les entreprises.<\/p>\n\n\n\n<p class=\"has-text-align-center\"><strong>Particulier ?<\/strong> Prenons l&rsquo;exemple d&rsquo;un don de <strong>100\u20ac<\/strong>, il ne vous co\u00fbtera en r\u00e9alit\u00e9 que <strong>34\u20ac<\/strong>.<br><strong>Entreprise ?<\/strong> Prenons l&rsquo;exemple d&rsquo;un don de <strong>1000\u20ac<\/strong>, il ne vous co\u00fbtera en r\u00e9alit\u00e9 que <strong>400\u20ac<\/strong>.<\/p>\n\n\n\n<div style=\"height:43px\" aria-hidden=\"true\" class=\"wp-block-spacer\"><\/div>\n\n\n\n<figure class=\"wp-block-image aligncenter size-full is-resized\"><img decoding=\"async\" loading=\"lazy\" src=\"https:\/\/balancetapepite.fr\/wp-content\/uploads\/2023\/01\/Illustration_sans_titre-25.png\" alt=\"f\u00e9minisme balance ta p\u00e9pite\" class=\"wp-image-740\" width=\"641\" height=\"404\"\/><\/figure>\n\n\n\n<div style=\"height:43px\" aria-hidden=\"true\" class=\"wp-block-spacer\"><\/div>\n\n\n\n<h2>s&rsquo;engager comme b\u00e9n\u00e9vole<\/h2>\n\n\n\n<p class=\"has-text-align-left\">Faire un don est impossible pour toi mais <strong>tu souhaite tout de m\u00eame nous aider<\/strong> ? Tu peux devenir <strong>b\u00e9n\u00e9vole<\/strong> ! Que tu ai beaucoup de temps ou non pour nous aider, tout est expliqu\u00e9 <a href=\"https:\/\/balancetapepite.fr\/?page_id=79\">sur cette page<\/a>.<\/p>\n\n\n\n<div style=\"height:33px\" aria-hidden=\"true\" class=\"wp-block-spacer\"><\/div>\n\n\n\n<h2>Fais grandir la communaut\u00e9 de p\u00e9pites<\/h2>\n\n\n\n<p class=\"has-text-align-left\">Si tu ne peux donner ni de ton temps, ni de l&rsquo;argent, tu peux surement <strong>nous suivre sur les r\u00e9seaux sociaux<\/strong> et faire grandir la communaut\u00e9 de p\u00e9pites. Plus on sera nombreux et nombreuses et plus on arrivera \u00e0 <strong>changer les choses<\/strong> !<\/p>\n\n\n\n<div style=\"height:32px\" aria-hidden=\"true\" class=\"wp-block-spacer\"><\/div>\n\n\n\n<ul class=\"is-content-justification-center is-layout-flex wp-container-4 wp-block-social-links\"><li class=\"wp-social-link wp-social-link-tiktok wp-block-social-link\"><a href=\"https:\/\/www.tiktok.com\/@chanelmentie?lang=fr\"  class=\"wp-block-social-link-anchor\"><svg width=\"24\" height=\"24\" viewBox=\"0 0 32 32\" version=\"1.1\" xmlns=\"http:\/\/www.w3.org\/2000\/svg\" aria-hidden=\"true\" focusable=\"false\"><path d=\"M16.708 0.027c1.745-0.027 3.48-0.011 5.213-0.027 0.105 2.041 0.839 4.12 2.333 5.563 1.491 1.479 3.6 2.156 5.652 2.385v5.369c-1.923-0.063-3.855-0.463-5.6-1.291-0.76-0.344-1.468-0.787-2.161-1.24-0.009 3.896 0.016 7.787-0.025 11.667-0.104 1.864-0.719 3.719-1.803 5.255-1.744 2.557-4.771 4.224-7.88 4.276-1.907 0.109-3.812-0.411-5.437-1.369-2.693-1.588-4.588-4.495-4.864-7.615-0.032-0.667-0.043-1.333-0.016-1.984 0.24-2.537 1.495-4.964 3.443-6.615 2.208-1.923 5.301-2.839 8.197-2.297 0.027 1.975-0.052 3.948-0.052 5.923-1.323-0.428-2.869-0.308-4.025 0.495-0.844 0.547-1.485 1.385-1.819 2.333-0.276 0.676-0.197 1.427-0.181 2.145 0.317 2.188 2.421 4.027 4.667 3.828 1.489-0.016 2.916-0.88 3.692-2.145 0.251-0.443 0.532-0.896 0.547-1.417 0.131-2.385 0.079-4.76 0.095-7.145 0.011-5.375-0.016-10.735 0.025-16.093z\" \/><\/svg><span class=\"wp-block-social-link-label screen-reader-text\">TikTok<\/span><\/a><\/li>\n\n<li class=\"wp-social-link wp-social-link-instagram wp-block-social-link\"><a href=\"https:\/\/www.instagram.com\/balancetapepite\"  class=\"wp-block-social-link-anchor\"><svg width=\"24\" height=\"24\" viewBox=\"0 0 24 24\" version=\"1.1\" xmlns=\"http:\/\/www.w3.org\/2000\/svg\" aria-hidden=\"true\" focusable=\"false\"><path d=\"M12,4.622c2.403,0,2.688,0.009,3.637,0.052c0.877,0.04,1.354,0.187,1.671,0.31c0.42,0.163,0.72,0.358,1.035,0.673 c0.315,0.315,0.51,0.615,0.673,1.035c0.123,0.317,0.27,0.794,0.31,1.671c0.043,0.949,0.052,1.234,0.052,3.637 s-0.009,2.688-0.052,3.637c-0.04,0.877-0.187,1.354-0.31,1.671c-0.163,0.42-0.358,0.72-0.673,1.035 c-0.315,0.315-0.615,0.51-1.035,0.673c-0.317,0.123-0.794,0.27-1.671,0.31c-0.949,0.043-1.233,0.052-3.637,0.052 s-2.688-0.009-3.637-0.052c-0.877-0.04-1.354-0.187-1.671-0.31c-0.42-0.163-0.72-0.358-1.035-0.673 c-0.315-0.315-0.51-0.615-0.673-1.035c-0.123-0.317-0.27-0.794-0.31-1.671C4.631,14.688,4.622,14.403,4.622,12 s0.009-2.688,0.052-3.637c0.04-0.877,0.187-1.354,0.31-1.671c0.163-0.42,0.358-0.72,0.673-1.035 c0.315-0.315,0.615-0.51,1.035-0.673c0.317-0.123,0.794-0.27,1.671-0.31C9.312,4.631,9.597,4.622,12,4.622 M12,3 C9.556,3,9.249,3.01,8.289,3.054C7.331,3.098,6.677,3.25,6.105,3.472C5.513,3.702,5.011,4.01,4.511,4.511 c-0.5,0.5-0.808,1.002-1.038,1.594C3.25,6.677,3.098,7.331,3.054,8.289C3.01,9.249,3,9.556,3,12c0,2.444,0.01,2.751,0.054,3.711 c0.044,0.958,0.196,1.612,0.418,2.185c0.23,0.592,0.538,1.094,1.038,1.594c0.5,0.5,1.002,0.808,1.594,1.038 c0.572,0.222,1.227,0.375,2.185,0.418C9.249,20.99,9.556,21,12,21s2.751-0.01,3.711-0.054c0.958-0.044,1.612-0.196,2.185-0.418 c0.592-0.23,1.094-0.538,1.594-1.038c0.5-0.5,0.808-1.002,1.038-1.594c0.222-0.572,0.375-1.227,0.418-2.185 C20.99,14.751,21,14.444,21,12s-0.01-2.751-0.054-3.711c-0.044-0.958-0.196-1.612-0.418-2.185c-0.23-0.592-0.538-1.094-1.038-1.594 c-0.5-0.5-1.002-0.808-1.594-1.038c-0.572-0.222-1.227-0.375-2.185-0.418C14.751,3.01,14.444,3,12,3L12,3z M12,7.378 c-2.552,0-4.622,2.069-4.622,4.622S9.448,16.622,12,16.622s4.622-2.069,4.622-4.622S14.552,7.378,12,7.378z M12,15 c-1.657,0-3-1.343-3-3s1.343-3,3-3s3,1.343,3,3S13.657,15,12,15z M16.804,6.116c-0.596,0-1.08,0.484-1.08,1.08 s0.484,1.08,1.08,1.08c0.596,0,1.08-0.484,1.08-1.08S17.401,6.116,16.804,6.116z\"><\/path><\/svg><span class=\"wp-block-social-link-label screen-reader-text\">Instagram<\/span><\/a><\/li>\n\n<li class=\"wp-social-link wp-social-link-linkedin wp-block-social-link\"><a href=\"https:\/\/www.linkedin.com\/company\/balance-ta-pepite\/\"  class=\"wp-block-social-link-anchor\"><svg width=\"24\" height=\"24\" viewBox=\"0 0 24 24\" version=\"1.1\" xmlns=\"http:\/\/www.w3.org\/2000\/svg\" aria-hidden=\"true\" focusable=\"false\"><path d=\"M19.7,3H4.3C3.582,3,3,3.582,3,4.3v15.4C3,20.418,3.582,21,4.3,21h15.4c0.718,0,1.3-0.582,1.3-1.3V4.3 C21,3.582,20.418,3,19.7,3z M8.339,18.338H5.667v-8.59h2.672V18.338z M7.004,8.574c-0.857,0-1.549-0.694-1.549-1.548 c0-0.855,0.691-1.548,1.549-1.548c0.854,0,1.547,0.694,1.547,1.548C8.551,7.881,7.858,8.574,7.004,8.574z M18.339,18.338h-2.669 v-4.177c0-0.996-0.017-2.278-1.387-2.278c-1.389,0-1.601,1.086-1.601,2.206v4.249h-2.667v-8.59h2.559v1.174h0.037 c0.356-0.675,1.227-1.387,2.526-1.387c2.703,0,3.203,1.779,3.203,4.092V18.338z\"><\/path><\/svg><span class=\"wp-block-social-link-label screen-reader-text\">LinkedIn<\/span><\/a><\/li>\n\n<li class=\"wp-social-link wp-social-link-facebook wp-block-social-link\"><a href=\"https:\/\/www.facebook.com\/balancetapepite\"  class=\"wp-block-social-link-anchor\"><svg width=\"24\" height=\"24\" viewBox=\"0 0 24 24\" version=\"1.1\" xmlns=\"http:\/\/www.w3.org\/2000\/svg\" aria-hidden=\"true\" focusable=\"false\"><path d=\"M12 2C6.5 2 2 6.5 2 12c0 5 3.7 9.1 8.4 9.9v-7H7.9V12h2.5V9.8c0-2.5 1.5-3.9 3.8-3.9 1.1 0 2.2.2 2.2.2v2.5h-1.3c-1.2 0-1.6.8-1.6 1.6V12h2.8l-.4 2.9h-2.3v7C18.3 21.1 22 17 22 12c0-5.5-4.5-10-10-10z\"><\/path><\/svg><span class=\"wp-block-social-link-label screen-reader-text\">Facebook<\/span><\/a><\/li><\/ul>\n\n\n\n<div style=\"height:100px\" aria-hidden=\"true\" class=\"wp-block-spacer\"><\/div>\n","protected":false},"excerpt":{"rendered":"<p>le f\u00e9minisme comme outils Le f\u00e9minisme concerne tout le monde. Si aujourd&rsquo;hui les femmes sont sous-repr\u00e9sent\u00e9es dans l&rsquo;espace public, nous en payons toustes le prix. 4%&nbsp;c&rsquo;est la part de rues qui portent le nom d&rsquo;une femme en France.5%&nbsp;c&rsquo;est la part de femmes expertes invit\u00e9es dans les m\u00e9dias lors de la crise sanitaire16%&nbsp;c&rsquo;est la part de [&hellip;]<\/p>\n","protected":false},"author":1,"featured_media":0,"parent":0,"menu_order":0,"comment_status":"closed","ping_status":"closed","template":"","meta":[],"yoast_head":"<!-- This site is optimized with the Yoast SEO plugin v19.13 - https:\/\/yoast.com\/wordpress\/plugins\/seo\/ -->\n<title>F\u00e9minisme et m\u00e9c\u00e9nat - Balance ta p\u00e9pite<\/title>\n<meta name=\"description\" content=\"Faire un don pour aider des projets autour du f\u00e9minisme et de l&#039;inclusivit\u00e9 \u00e0 se d\u00e9velopper et ainsi participer au changement\" \/>\n<meta name=\"robots\" content=\"index, follow, max-snippet:-1, max-image-preview:large, max-video-preview:-1\" \/>\n<link rel=\"canonical\" href=\"https:\/\/balancetapepite.fr\/?page_id=87\" \/>\n<meta property=\"og:locale\" content=\"fr_FR\" \/>\n<meta property=\"og:type\" content=\"article\" \/>\n<meta property=\"og:title\" content=\"F\u00e9minisme et m\u00e9c\u00e9nat - Balance ta p\u00e9pite\" \/>\n<meta property=\"og:description\" content=\"Faire un don pour aider des projets autour du f\u00e9minisme et de l&#039;inclusivit\u00e9 \u00e0 se d\u00e9velopper et ainsi participer au changement\" \/>\n<meta property=\"og:url\" content=\"https:\/\/balancetapepite.fr\/?page_id=87\" \/>\n<meta property=\"og:site_name\" content=\"Balance ta p\u00e9pite\" \/>\n<meta property=\"article:publisher\" content=\"https:\/\/www.facebook.com\/balancetapepite\" \/>\n<meta property=\"article:modified_time\" content=\"2023-02-16T14:31:25+00:00\" \/>\n<meta property=\"og:image\" content=\"https:\/\/balancetapepite.fr\/wp-content\/uploads\/2023\/01\/BENEVOLAT-2.jpg\" \/>\n<meta name=\"twitter:card\" content=\"summary_large_image\" \/>\n<meta name=\"twitter:label1\" content=\"Dur\u00e9e de lecture estim\u00e9e\" \/>\n\t<meta name=\"twitter:data1\" content=\"3 minutes\" \/>\n<script type=\"application\/ld+json\" class=\"yoast-schema-graph\">{\"@context\":\"https:\/\/schema.org\",\"@graph\":[{\"@type\":\"WebPage\",\"@id\":\"https:\/\/balancetapepite.fr\/?page_id=87\",\"url\":\"https:\/\/balancetapepite.fr\/?page_id=87\",\"name\":\"F\u00e9minisme et m\u00e9c\u00e9nat - Balance ta p\u00e9pite\",\"isPartOf\":{\"@id\":\"https:\/\/balancetapepite.fr\/#website\"},\"datePublished\":\"2022-12-15T21:20:20+00:00\",\"dateModified\":\"2023-02-16T14:31:25+00:00\",\"description\":\"Faire un don pour aider des projets autour du f\u00e9minisme et de l'inclusivit\u00e9 \u00e0 se d\u00e9velopper et ainsi participer au changement\",\"breadcrumb\":{\"@id\":\"https:\/\/balancetapepite.fr\/?page_id=87#breadcrumb\"},\"inLanguage\":\"fr-FR\",\"potentialAction\":[{\"@type\":\"ReadAction\",\"target\":[\"https:\/\/balancetapepite.fr\/?page_id=87\"]}]},{\"@type\":\"BreadcrumbList\",\"@id\":\"https:\/\/balancetapepite.fr\/?page_id=87#breadcrumb\",\"itemListElement\":[{\"@type\":\"ListItem\",\"position\":1,\"name\":\"Accueil\",\"item\":\"https:\/\/balancetapepite.fr\/\"},{\"@type\":\"ListItem\",\"position\":2,\"name\":\"M\u00e9c\u00e9nat\"}]},{\"@type\":\"WebSite\",\"@id\":\"https:\/\/balancetapepite.fr\/#website\",\"url\":\"https:\/\/balancetapepite.fr\/\",\"name\":\"Balance ta p\u00e9pite\",\"description\":\"F\u00e9minisme et pop culture\",\"publisher\":{\"@id\":\"https:\/\/balancetapepite.fr\/#organization\"},\"potentialAction\":[{\"@type\":\"SearchAction\",\"target\":{\"@type\":\"EntryPoint\",\"urlTemplate\":\"https:\/\/balancetapepite.fr\/?s={search_term_string}\"},\"query-input\":\"required name=search_term_string\"}],\"inLanguage\":\"fr-FR\"},{\"@type\":\"Organization\",\"@id\":\"https:\/\/balancetapepite.fr\/#organization\",\"name\":\"Balance ta p\u00e9pite\",\"url\":\"https:\/\/balancetapepite.fr\/\",\"logo\":{\"@type\":\"ImageObject\",\"inLanguage\":\"fr-FR\",\"@id\":\"https:\/\/balancetapepite.fr\/#\/schema\/logo\/image\/\",\"url\":\"https:\/\/balancetapepite.fr\/wp-content\/uploads\/2022\/12\/logo-btp.jpg\",\"contentUrl\":\"https:\/\/balancetapepite.fr\/wp-content\/uploads\/2022\/12\/logo-btp.jpg\",\"width\":2816,\"height\":2048,\"caption\":\"Balance ta p\u00e9pite\"},\"image\":{\"@id\":\"https:\/\/balancetapepite.fr\/#\/schema\/logo\/image\/\"},\"sameAs\":[\"https:\/\/www.instagram.com\/balancetapepite\",\"https:\/\/www.linkedin.com\/company\/balance-ta-pepite\/\",\"https:\/\/www.facebook.com\/balancetapepite\"]}]}<\/script>\n<!-- \/ Yoast SEO plugin. -->","yoast_head_json":{"title":"F\u00e9minisme et m\u00e9c\u00e9nat - Balance ta p\u00e9pite","description":"Faire un don pour aider des projets autour du f\u00e9minisme et de l'inclusivit\u00e9 \u00e0 se d\u00e9velopper et ainsi participer au changement","robots":{"index":"index","follow":"follow","max-snippet":"max-snippet:-1","max-image-preview":"max-image-preview:large","max-video-preview":"max-video-preview:-1"},"canonical":"https:\/\/balancetapepite.fr\/?page_id=87","og_locale":"fr_FR","og_type":"article","og_title":"F\u00e9minisme et m\u00e9c\u00e9nat - Balance ta p\u00e9pite","og_description":"Faire un don pour aider des projets autour du f\u00e9minisme et de l'inclusivit\u00e9 \u00e0 se d\u00e9velopper et ainsi participer au changement","og_url":"https:\/\/balancetapepite.fr\/?page_id=87","og_site_name":"Balance ta p\u00e9pite","article_publisher":"https:\/\/www.facebook.com\/balancetapepite","article_modified_time":"2023-02-16T14:31:25+00:00","og_image":[{"url":"https:\/\/balancetapepite.fr\/wp-content\/uploads\/2023\/01\/BENEVOLAT-2.jpg"}],"twitter_card":"summary_large_image","twitter_misc":{"Dur\u00e9e de lecture estim\u00e9e":"3 minutes"},"schema":{"@context":"https:\/\/schema.org","@graph":[{"@type":"WebPage","@id":"https:\/\/balancetapepite.fr\/?page_id=87","url":"https:\/\/balancetapepite.fr\/?page_id=87","name":"F\u00e9minisme et m\u00e9c\u00e9nat - Balance ta p\u00e9pite","isPartOf":{"@id":"https:\/\/balancetapepite.fr\/#website"},"datePublished":"2022-12-15T21:20:20+00:00","dateModified":"2023-02-16T14:31:25+00:00","description":"Faire un don pour aider des projets autour du f\u00e9minisme et de l'inclusivit\u00e9 \u00e0 se d\u00e9velopper et ainsi participer au changement","breadcrumb":{"@id":"https:\/\/balancetapepite.fr\/?page_id=87#breadcrumb"},"inLanguage":"fr-FR","potentialAction":[{"@type":"ReadAction","target":["https:\/\/balancetapepite.fr\/?page_id=87"]}]},{"@type":"BreadcrumbList","@id":"https:\/\/balancetapepite.fr\/?page_id=87#breadcrumb","itemListElement":[{"@type":"ListItem","position":1,"name":"Accueil","item":"https:\/\/balancetapepite.fr\/"},{"@type":"ListItem","position":2,"name":"M\u00e9c\u00e9nat"}]},{"@type":"WebSite","@id":"https:\/\/balancetapepite.fr\/#website","url":"https:\/\/balancetapepite.fr\/","name":"Balance ta p\u00e9pite","description":"F\u00e9minisme et pop culture","publisher":{"@id":"https:\/\/balancetapepite.fr\/#organization"},"potentialAction":[{"@type":"SearchAction","target":{"@type":"EntryPoint","urlTemplate":"https:\/\/balancetapepite.fr\/?s={search_term_string}"},"query-input":"required name=search_term_string"}],"inLanguage":"fr-FR"},{"@type":"Organization","@id":"https:\/\/balancetapepite.fr\/#organization","name":"Balance ta p\u00e9pite","url":"https:\/\/balancetapepite.fr\/","logo":{"@type":"ImageObject","inLanguage":"fr-FR","@id":"https:\/\/balancetapepite.fr\/#\/schema\/logo\/image\/","url":"https:\/\/balancetapepite.fr\/wp-content\/uploads\/2022\/12\/logo-btp.jpg","contentUrl":"https:\/\/balancetapepite.fr\/wp-content\/uploads\/2022\/12\/logo-btp.jpg","width":2816,"height":2048,"caption":"Balance ta p\u00e9pite"},"image":{"@id":"https:\/\/balancetapepite.fr\/#\/schema\/logo\/image\/"},"sameAs":["https:\/\/www.instagram.com\/balancetapepite","https:\/\/www.linkedin.com\/company\/balance-ta-pepite\/","https:\/\/www.facebook.com\/balancetapepite"]}]}},"_links":{"self":[{"href":"https:\/\/balancetapepite.fr\/index.php?rest_route=\/wp\/v2\/pages\/87"}],"collection":[{"href":"https:\/\/balancetapepite.fr\/index.php?rest_route=\/wp\/v2\/pages"}],"about":[{"href":"https:\/\/balancetapepite.fr\/index.php?rest_route=\/wp\/v2\/types\/page"}],"author":[{"embeddable":true,"href":"https:\/\/balancetapepite.fr\/index.php?rest_route=\/wp\/v2\/users\/1"}],"replies":[{"embeddable":true,"href":"https:\/\/balancetapepite.fr\/index.php?rest_route=%2Fwp%2Fv2%2Fcomments&post=87"}],"version-history":[{"count":50,"href":"https:\/\/balancetapepite.fr\/index.php?rest_route=\/wp\/v2\/pages\/87\/revisions"}],"predecessor-version":[{"id":1002,"href":"https:\/\/balancetapepite.fr\/index.php?rest_route=\/wp\/v2\/pages\/87\/revisions\/1002"}],"wp:attachment":[{"href":"https:\/\/balancetapepite.fr\/index.php?rest_route=%2Fwp%2Fv2%2Fmedia&parent=87"}],"curies":[{"name":"wp","href":"https:\/\/api.w.org\/{rel}","templated":true}]}}